{"id":1002,"date":"2024-10-14T10:20:57","date_gmt":"2024-10-14T10:20:57","guid":{"rendered":"https:\/\/blackyetiswitzerland.com\/?page_id=1002"},"modified":"2024-10-14T10:30:11","modified_gmt":"2024-10-14T10:30:11","slug":"switzerland-traduc","status":"publish","type":"page","link":"https:\/\/blackyetiswitzerland.com\/de\/switzerland-traduc\/","title":{"rendered":"switzerland traduc"},"content":{"rendered":"<div data-elementor-type=\"wp-page\" data-elementor-id=\"1002\" class=\"elementor elementor-1002\" data-elementor-post-type=\"page\">\n\t\t\t\t<div class=\"elementor-element elementor-element-7555670 e-flex e-con-boxed e-con e-parent\" data-id=\"7555670\" data-element_type=\"container\" data-e-type=\"container\">\n\t\t\t\t\t<div class=\"e-con-inner\">\n\t\t\t\t<div class=\"elementor-element elementor-element-0dd2ff5 elementor-widget elementor-widget-text-editor\" data-id=\"0dd2ff5\" data-element_type=\"widget\" data-e-type=\"widget\" data-widget_type=\"text-editor.default\">\n\t\t\t\t<div class=\"elementor-widget-container\">\n\t\t\t\t\t\t\t\t\t<p>Gruppen<\/p>\t\t\t\t\t\t\t\t<\/div>\n\t\t\t\t<\/div>\n\t\t\t\t<div class=\"elementor-element elementor-element-9d7479c elementor-widget elementor-widget-text-editor\" data-id=\"9d7479c\" data-element_type=\"widget\" data-e-type=\"widget\" data-widget_type=\"text-editor.default\">\n\t\t\t\t<div class=\"elementor-widget-container\">\n\t\t\t\t\t\t\t\t\t<p>Karriere<\/p>\t\t\t\t\t\t\t\t<\/div>\n\t\t\t\t<\/div>\n\t\t\t\t<div class=\"elementor-element elementor-element-f568fa2 elementor-widget elementor-widget-text-editor\" data-id=\"f568fa2\" data-element_type=\"widget\" data-e-type=\"widget\" data-widget_type=\"text-editor.default\">\n\t\t\t\t<div class=\"elementor-widget-container\">\n\t\t\t\t\t\t\t\t\t<p>Allgemeine Anfrage<\/p>\t\t\t\t\t\t\t\t<\/div>\n\t\t\t\t<\/div>\n\t\t\t\t<div class=\"elementor-element elementor-element-ed21813 elementor-widget elementor-widget-text-editor\" data-id=\"ed21813\" data-element_type=\"widget\" data-e-type=\"widget\" data-widget_type=\"text-editor.default\">\n\t\t\t\t<div class=\"elementor-widget-container\">\n\t\t\t\t\t\t\t\t\t<p>Allgemein<\/p>\t\t\t\t\t\t\t\t<\/div>\n\t\t\t\t<\/div>\n\t\t\t\t<div class=\"elementor-element elementor-element-3474f25 elementor-widget elementor-widget-text-editor\" data-id=\"3474f25\" data-element_type=\"widget\" data-e-type=\"widget\" data-widget_type=\"text-editor.default\">\n\t\t\t\t<div class=\"elementor-widget-container\">\n\t\t\t\t\t\t\t\t\t<p>Anfrage<\/p>\t\t\t\t\t\t\t\t<\/div>\n\t\t\t\t<\/div>\n\t\t\t\t<div class=\"elementor-element elementor-element-f11c23d elementor-widget elementor-widget-text-editor\" data-id=\"f11c23d\" data-element_type=\"widget\" data-e-type=\"widget\" data-widget_type=\"text-editor.default\">\n\t\t\t\t<div class=\"elementor-widget-container\">\n\t\t\t\t\t\t\t\t\t<div class=\"elementor-element elementor-element-35dec5e elementor-widget elementor-widget-heading\" data-id=\"35dec5e\" data-element_type=\"widget\" data-widget_type=\"heading.default\"><div class=\"elementor-widget-container\"><p class=\"elementor-heading-title elementor-size-default\">\u00a0<\/p><\/div><\/div><div class=\"elementor-element elementor-element-87df13a elementor-widget elementor-widget-text-editor\" data-id=\"87df13a\" data-element_type=\"widget\" data-widget_type=\"text-editor.default\"><div class=\"elementor-widget-container\"><div id=\"bgLayers_comp-liz4wdi7\" class=\"MW5IWV\" data-hook=\"bgLayers\" data-motion-part=\"BG_LAYER\"><div id=\"bgMedia_comp-liz4wdi7\" class=\"VgO9Yg\" data-motion-part=\"BG_MEDIA\"><div id=\"bgLayers_comp-liz4wdi7\" class=\"MW5IWV\" data-hook=\"bgLayers\" data-motion-part=\"BG_LAYER\"><div id=\"bgMedia_comp-liz4wdi7\" class=\"VgO9Yg\" data-motion-part=\"BG_MEDIA\">Endlose Tageslichtstunden, Spazierg\u00e4nge durch gr\u00fcne T\u00e4ler, das Rauschen und die Frische von Wasserf\u00e4llen und Fl\u00fcssen, Baden in Seen und Bootstouren: Das ist der Sommer in der Schweiz.<\/div><\/div><div class=\"\" data-mesh-id=\"comp-liz4wdi7inlineContent\" data-testid=\"inline-content\"><div data-mesh-id=\"comp-liz4wdi7inlineContent-gridContainer\" data-testid=\"mesh-container-content\"><div id=\"comp-liz4wdib\" class=\"HcOXKn c9GqVL QxJLC3 lq2cno comp-liz4wdib wixui-rich-text\" data-testid=\"richTextElement\"><p class=\"font_8 wixui-rich-text__text\">Atemberaubende Panoramafahrten und Anstiege zu Gipfeln und Gletschern erinnern Sie daran, dass Sie sich an einem der unglaublichsten Orte der Erde befinden.<\/p><p class=\"font_8 wixui-rich-text__text\"><span class=\"wixGuard wixui-rich-text__text\">\u200b<\/span>Wie w\u00e4re es, bei einem Abendessen auf einer Terrasse den Sonnenuntergang zu genie\u00dfen und dabei das Alpengl\u00fchen zu bestaunen?<\/p><p class=\"font_8 wixui-rich-text__text\">Der Sommer bringt aber auch Regentage mit sich, die uns mystische, filmreife Landschaften bescheren, die zu einem leckeren Fondue einladen.\u00a0<\/p><p class=\"font_8 wixui-rich-text__text\"><span class=\"wixGuard wixui-rich-text__text\">\u200b<\/span>Sind Sie bereit, es zu genie\u00dfen?\u00a0<\/p><p class=\"font_8 wixui-rich-text__text translation-block\"><span class=\"wixGuard wixui-rich-text__text\">\u200b<\/span>Wir<span class=\"wixui-rich-text__text\">\u00a0helfen Ihnen bei der Erstellung einer Reiseroute mit all diesen Erlebnissen und vielem mehr. Wir \u00fcberlassen es Ihrer Fantasie.<\/span><\/p><\/div><\/div><\/div><\/div><\/div><\/div><\/div>\t\t\t\t\t\t\t\t<\/div>\n\t\t\t\t<\/div>\n\t\t\t\t<div class=\"elementor-element elementor-element-609a04c elementor-widget elementor-widget-text-editor\" data-id=\"609a04c\" data-element_type=\"widget\" data-e-type=\"widget\" data-widget_type=\"text-editor.default\">\n\t\t\t\t<div class=\"elementor-widget-container\">\n\t\t\t\t\t\t\t\t\t<div class=\"elementor-element elementor-element-35dec5e elementor-widget elementor-widget-heading\" data-id=\"35dec5e\" data-element_type=\"widget\" data-widget_type=\"heading.default\"><div class=\"elementor-widget-container\"><div id=\"bgLayers_comp-liz4zohg2\" class=\"MW5IWV\" data-hook=\"bgLayers\" data-motion-part=\"BG_LAYER\"><div id=\"bgMedia_comp-liz4zohg2\" class=\"VgO9Yg\" data-motion-part=\"BG_MEDIA\">Wir wissen, dass Sie das Reisen genauso lieben wie wir.\u00a0<\/div><\/div><div class=\"\" data-mesh-id=\"comp-liz4zohg2inlineContent\" data-testid=\"inline-content\"><div data-mesh-id=\"comp-liz4zohg2inlineContent-gridContainer\" data-testid=\"mesh-container-content\"><div id=\"comp-liz4zohi2\" class=\"HcOXKn c9GqVL QxJLC3 lq2cno comp-liz4zohi2 wixui-rich-text\" data-testid=\"richTextElement\"><p class=\"font_8 wixui-rich-text__text\">M\u00f6chten Sie mehr von diesem wundervollen Kontinent sehen?<\/p><p class=\"font_8 wixui-rich-text__text\">Wir k\u00f6nnen Ihnen dabei helfen.<\/p><p class=\"font_8 wixui-rich-text__text\">Wir bereiten Ihre Europatour mit Besuchen in anderen L\u00e4ndern wie unter anderem Frankreich, Italien, Spanien oder Griechenland vor, einschlie\u00dflich Ihres Besuchs in der Schweiz.\u00a0<\/p><p class=\"font_8 wixui-rich-text__text\"><span class=\"wixGuard wixui-rich-text__text\">\u200b<\/span>Wie w\u00fcrde Ihr Traumurlaub aussehen? Erz\u00e4hlen Sie es uns einfach und wir setzen es in die Tat um.<\/p><p class=\"font_8 wixui-rich-text__text\"><span class=\"wixGuard wixui-rich-text__text\">\u200b<\/span>Beginnen Sie jetzt mit der Reiseplanung!\u00a0<\/p><\/div><\/div><\/div><\/div><\/div>\t\t\t\t\t\t\t\t<\/div>\n\t\t\t\t<\/div>\n\t\t\t\t<div class=\"elementor-element elementor-element-3e789c1 elementor-widget elementor-widget-text-editor\" data-id=\"3e789c1\" data-element_type=\"widget\" data-e-type=\"widget\" data-widget_type=\"text-editor.default\">\n\t\t\t\t<div class=\"elementor-widget-container\">\n\t\t\t\t\t\t\t\t\t<div class=\"elementor-element elementor-element-35dec5e elementor-widget elementor-widget-heading\" data-id=\"35dec5e\" data-element_type=\"widget\" data-widget_type=\"heading.default\"><div class=\"elementor-widget-container\"><div id=\"bgLayers_comp-liz4zohg2\" class=\"MW5IWV\" data-hook=\"bgLayers\" data-motion-part=\"BG_LAYER\"><div id=\"bgMedia_comp-liz4zohg2\" class=\"VgO9Yg\" data-motion-part=\"BG_MEDIA\"><div id=\"bgLayers_comp-liz4zkl7\" class=\"MW5IWV\" data-hook=\"bgLayers\" data-motion-part=\"BG_LAYER\"><div id=\"bgMedia_comp-liz4zkl7\" class=\"VgO9Yg\" data-motion-part=\"BG_MEDIA\">Der Schweizer Winter ist ein Weihnachtsm\u00e4rchen.<\/div><\/div><div class=\"\" data-mesh-id=\"comp-liz4zkl7inlineContent\" data-testid=\"inline-content\"><div data-mesh-id=\"comp-liz4zkl7inlineContent-gridContainer\" data-testid=\"mesh-container-content\"><div id=\"comp-liz4zkl9\" class=\"HcOXKn c9GqVL QxJLC3 lq2cno comp-liz4zkl9 wixui-rich-text\" data-testid=\"richTextElement\"><p class=\"font_8 wixui-rich-text__text\"><span class=\"wixGuard wixui-rich-text__text\">\u200b<\/span>Im Dezember erstrahlen die St\u00e4dte in Lichtern und beherbergen wundervolle Weihnachtsm\u00e4rkte, auf denen man den Duft von Bratwurst und Raclette aus der Ferne riechen kann. Wenn die Sonne untergeht, ist es eine k\u00f6stliche Option, sich mit einem Gl\u00fchwein aufzuw\u00e4rmen.\u00a0<\/p><p class=\"font_8 wixui-rich-text__text\"><span class=\"wixGuard wixui-rich-text__text\">\u200b<\/span>Die \u00fcbrigen winterlichen Alpent\u00e4ler und D\u00f6rfer sind in ein wei\u00dfes Gewand geh\u00fcllt und man sp\u00fcrt den Charme der knisternden Kaminfeuer.<\/p><p class=\"font_8 wixui-rich-text__text\"><span class=\"wixGuard wixui-rich-text__text\">\u200b<\/span>Haben Sie schon einmal einen Tag beim Skifahren, Rodeln oder Schneeschuhwandern genossen? Der beste Abschluss eines wunderbaren Tages im Schnee ist ein entspannender Spa-Aufenthalt.<\/p><p class=\"font_8 wixui-rich-text__text\"><span class=\"wixGuard wixui-rich-text__text\">\u200b<\/span>M\u00f6chten Sie den Traum vom Winterwunderland leben?<\/p><p class=\"font_8 wixui-rich-text__text\"><span class=\"wixGuard wixui-rich-text__text\">\u200b<\/span>Black Yeti Switzerland hilft Ihnen bei der detaillierten Planung Ihres Winterurlaubs, damit Sie sich nur darauf konzentrieren k\u00f6nnen, ihn zu genie\u00dfen.<\/p><\/div><\/div><\/div><\/div><\/div><\/div><\/div>\t\t\t\t\t\t\t\t<\/div>\n\t\t\t\t<\/div>\n\t\t\t\t\t<\/div>\n\t\t\t\t<\/div>\n\t\t\t\t<\/div>","protected":false},"excerpt":{"rendered":"<p>Groups Careers General inquiry General inquiry \u00a0 Endless daylight, walks through verdant valleys, the sound and freshness of waterfalls and rivers, lake bathing and boat trips: this is summer in Switzerland. Breathtaking scenic drives and climbs to peaks and glaciers remind you that you\u2019re in one of the most incredible places on earth. \u200bWhat about [&hellip;]<\/p>\n","protected":false},"author":1,"featured_media":0,"parent":0,"menu_order":0,"comment_status":"closed","ping_status":"closed","template":"","meta":{"footnotes":""},"class_list":["post-1002","page","type-page","status-publish","hentry"],"yoast_head":"<!-- This site is optimized with the Yoast SEO plugin v27.5 - https:\/\/yoast.com\/product\/yoast-seo-wordpress\/ -->\n<title>switzerland traduc - Black Yeti Switzerland<\/title>\n<meta name=\"robots\" content=\"index, follow, max-snippet:-1, max-image-preview:large, max-video-preview:-1\" \/>\n<link rel=\"canonical\" href=\"https:\/\/blackyetiswitzerland.com\/de\/switzerland-traduc\/\" \/>\n<meta property=\"og:locale\" content=\"de_DE\" \/>\n<meta property=\"og:type\" content=\"article\" \/>\n<meta property=\"og:title\" content=\"switzerland traduc - Black Yeti Switzerland\" \/>\n<meta property=\"og:description\" content=\"Groups Careers General inquiry General inquiry \u00a0 Endless daylight, walks through verdant valleys, the sound and freshness of waterfalls and rivers, lake bathing and boat trips: this is summer in Switzerland. Breathtaking scenic drives and climbs to peaks and glaciers remind you that you\u2019re in one of the most incredible places on earth. \u200bWhat about [&hellip;]\" \/>\n<meta property=\"og:url\" content=\"https:\/\/blackyetiswitzerland.com\/de\/switzerland-traduc\/\" \/>\n<meta property=\"og:site_name\" content=\"Black Yeti Switzerland\" \/>\n<meta property=\"article:modified_time\" content=\"2024-10-14T10:30:11+00:00\" \/>\n<meta name=\"twitter:card\" content=\"summary_large_image\" \/>\n<meta name=\"twitter:label1\" content=\"Gesch\u00e4tzte Lesezeit\" \/>\n\t<meta name=\"twitter:data1\" content=\"3\u00a0Minuten\" \/>\n<script type=\"application\/ld+json\" class=\"yoast-schema-graph\">{\"@context\":\"https:\\\/\\\/schema.org\",\"@graph\":[{\"@type\":\"WebPage\",\"@id\":\"https:\\\/\\\/blackyetiswitzerland.com\\\/switzerland-traduc\\\/\",\"url\":\"https:\\\/\\\/blackyetiswitzerland.com\\\/switzerland-traduc\\\/\",\"name\":\"switzerland traduc - Black Yeti Switzerland\",\"isPartOf\":{\"@id\":\"https:\\\/\\\/blackyetiswitzerland.com\\\/#website\"},\"datePublished\":\"2024-10-14T10:20:57+00:00\",\"dateModified\":\"2024-10-14T10:30:11+00:00\",\"breadcrumb\":{\"@id\":\"https:\\\/\\\/blackyetiswitzerland.com\\\/switzerland-traduc\\\/#breadcrumb\"},\"inLanguage\":\"de\",\"potentialAction\":[{\"@type\":\"ReadAction\",\"target\":[\"https:\\\/\\\/blackyetiswitzerland.com\\\/switzerland-traduc\\\/\"]}]},{\"@type\":\"BreadcrumbList\",\"@id\":\"https:\\\/\\\/blackyetiswitzerland.com\\\/switzerland-traduc\\\/#breadcrumb\",\"itemListElement\":[{\"@type\":\"ListItem\",\"position\":1,\"name\":\"Portada\",\"item\":\"https:\\\/\\\/blackyetiswitzerland.com\\\/\"},{\"@type\":\"ListItem\",\"position\":2,\"name\":\"switzerland traduc\"}]},{\"@type\":\"WebSite\",\"@id\":\"https:\\\/\\\/blackyetiswitzerland.com\\\/#website\",\"url\":\"https:\\\/\\\/blackyetiswitzerland.com\\\/\",\"name\":\"Black Yeti Switzerland\",\"description\":\"\",\"potentialAction\":[{\"@type\":\"SearchAction\",\"target\":{\"@type\":\"EntryPoint\",\"urlTemplate\":\"https:\\\/\\\/blackyetiswitzerland.com\\\/?s={search_term_string}\"},\"query-input\":{\"@type\":\"PropertyValueSpecification\",\"valueRequired\":true,\"valueName\":\"search_term_string\"}}],\"inLanguage\":\"de\"}]}<\/script>\n<!-- \/ Yoast SEO plugin. -->","yoast_head_json":{"title":"switzerland traduc - Black Yeti Switzerland","robots":{"index":"index","follow":"follow","max-snippet":"max-snippet:-1","max-image-preview":"max-image-preview:large","max-video-preview":"max-video-preview:-1"},"canonical":"https:\/\/blackyetiswitzerland.com\/de\/switzerland-traduc\/","og_locale":"de_DE","og_type":"article","og_title":"switzerland traduc - Black Yeti Switzerland","og_description":"Groups Careers General inquiry General inquiry \u00a0 Endless daylight, walks through verdant valleys, the sound and freshness of waterfalls and rivers, lake bathing and boat trips: this is summer in Switzerland. Breathtaking scenic drives and climbs to peaks and glaciers remind you that you\u2019re in one of the most incredible places on earth. \u200bWhat about [&hellip;]","og_url":"https:\/\/blackyetiswitzerland.com\/de\/switzerland-traduc\/","og_site_name":"Black Yeti Switzerland","article_modified_time":"2024-10-14T10:30:11+00:00","twitter_card":"summary_large_image","twitter_misc":{"Gesch\u00e4tzte Lesezeit":"3\u00a0Minuten"},"schema":{"@context":"https:\/\/schema.org","@graph":[{"@type":"WebPage","@id":"https:\/\/blackyetiswitzerland.com\/switzerland-traduc\/","url":"https:\/\/blackyetiswitzerland.com\/switzerland-traduc\/","name":"switzerland traduc - Black Yeti Switzerland","isPartOf":{"@id":"https:\/\/blackyetiswitzerland.com\/#website"},"datePublished":"2024-10-14T10:20:57+00:00","dateModified":"2024-10-14T10:30:11+00:00","breadcrumb":{"@id":"https:\/\/blackyetiswitzerland.com\/switzerland-traduc\/#breadcrumb"},"inLanguage":"de","potentialAction":[{"@type":"ReadAction","target":["https:\/\/blackyetiswitzerland.com\/switzerland-traduc\/"]}]},{"@type":"BreadcrumbList","@id":"https:\/\/blackyetiswitzerland.com\/switzerland-traduc\/#breadcrumb","itemListElement":[{"@type":"ListItem","position":1,"name":"Portada","item":"https:\/\/blackyetiswitzerland.com\/"},{"@type":"ListItem","position":2,"name":"switzerland traduc"}]},{"@type":"WebSite","@id":"https:\/\/blackyetiswitzerland.com\/#website","url":"https:\/\/blackyetiswitzerland.com\/","name":"Black Yeti Switzerland","description":"","potentialAction":[{"@type":"SearchAction","target":{"@type":"EntryPoint","urlTemplate":"https:\/\/blackyetiswitzerland.com\/?s={search_term_string}"},"query-input":{"@type":"PropertyValueSpecification","valueRequired":true,"valueName":"search_term_string"}}],"inLanguage":"de"}]}},"_links":{"self":[{"href":"https:\/\/blackyetiswitzerland.com\/de\/wp-json\/wp\/v2\/pages\/1002","targetHints":{"allow":["GET"]}}],"collection":[{"href":"https:\/\/blackyetiswitzerland.com\/de\/wp-json\/wp\/v2\/pages"}],"about":[{"href":"https:\/\/blackyetiswitzerland.com\/de\/wp-json\/wp\/v2\/types\/page"}],"author":[{"embeddable":true,"href":"https:\/\/blackyetiswitzerland.com\/de\/wp-json\/wp\/v2\/users\/1"}],"replies":[{"embeddable":true,"href":"https:\/\/blackyetiswitzerland.com\/de\/wp-json\/wp\/v2\/comments?post=1002"}],"version-history":[{"count":13,"href":"https:\/\/blackyetiswitzerland.com\/de\/wp-json\/wp\/v2\/pages\/1002\/revisions"}],"predecessor-version":[{"id":1015,"href":"https:\/\/blackyetiswitzerland.com\/de\/wp-json\/wp\/v2\/pages\/1002\/revisions\/1015"}],"wp:attachment":[{"href":"https:\/\/blackyetiswitzerland.com\/de\/wp-json\/wp\/v2\/media?parent=1002"}],"curies":[{"name":"wp","href":"https:\/\/api.w.org\/{rel}","templated":true}]}}