{"id":217,"date":"2024-09-11T09:50:15","date_gmt":"2024-09-11T09:50:15","guid":{"rendered":"https:\/\/blackyetiswitzerland.com\/?page_id=217"},"modified":"2024-11-12T10:40:49","modified_gmt":"2024-11-12T10:40:49","slug":"golden-yeti","status":"publish","type":"page","link":"https:\/\/blackyetiswitzerland.com\/de\/golden-yeti\/","title":{"rendered":"Black Yeti Golden"},"content":{"rendered":"<div data-elementor-type=\"wp-page\" data-elementor-id=\"217\" class=\"elementor elementor-217\" data-elementor-post-type=\"page\">\n\t\t\t\t<div class=\"elementor-element elementor-element-5fe68f3 e-flex e-con-boxed e-con e-parent\" data-id=\"5fe68f3\" data-element_type=\"container\" data-e-type=\"container\" data-settings=\"{&quot;background_background&quot;:&quot;classic&quot;}\">\n\t\t\t\t\t<div class=\"e-con-inner\">\n\t\t\t\t<div class=\"elementor-element elementor-element-93bed4a elementor-widget elementor-widget-image\" data-id=\"93bed4a\" data-element_type=\"widget\" data-e-type=\"widget\" data-widget_type=\"image.default\">\n\t\t\t\t<div class=\"elementor-widget-container\">\n\t\t\t\t\t\t\t\t\t\t\t\t\t\t\t<img decoding=\"async\" width=\"371\" height=\"116\" src=\"https:\/\/blackyetiswitzerland.com\/wp-content\/uploads\/2024\/09\/Vector-1-1.svg\" class=\"attachment-large size-large wp-image-227\" alt=\"\" \/>\t\t\t\t\t\t\t\t\t\t\t\t\t\t\t<\/div>\n\t\t\t\t<\/div>\n\t\t\t\t<div class=\"elementor-element elementor-element-7172c77 animated-slow elementor-invisible elementor-widget elementor-widget-heading\" data-id=\"7172c77\" data-element_type=\"widget\" data-e-type=\"widget\" data-settings=\"{&quot;_animation&quot;:&quot;zoomIn&quot;}\" data-widget_type=\"heading.default\">\n\t\t\t\t<div class=\"elementor-widget-container\">\n\t\t\t\t\t<h1 class=\"elementor-heading-title elementor-size-default\">BLACK YETI GOLDEN<\/h1>\t\t\t\t<\/div>\n\t\t\t\t<\/div>\n\t\t\t\t<div class=\"elementor-element elementor-element-309687a elementor-widget elementor-widget-heading\" data-id=\"309687a\" data-element_type=\"widget\" data-e-type=\"widget\" data-widget_type=\"heading.default\">\n\t\t\t\t<div class=\"elementor-widget-container\">\n\t\t\t\t\t<h2 class=\"elementor-heading-title elementor-size-default\">Die Luxusreiseerfahrung<\/h2>\t\t\t\t<\/div>\n\t\t\t\t<\/div>\n\t\t\t\t\t<\/div>\n\t\t\t\t<\/div>\n\t\t<div class=\"elementor-element elementor-element-0e5f1c0 e-flex e-con-boxed e-con e-parent\" data-id=\"0e5f1c0\" data-element_type=\"container\" data-e-type=\"container\" data-settings=\"{&quot;background_background&quot;:&quot;classic&quot;}\">\n\t\t\t\t\t<div class=\"e-con-inner\">\n\t\t\t\t<div class=\"elementor-element elementor-element-4238411 animated-slow elementor-invisible elementor-widget elementor-widget-heading\" data-id=\"4238411\" data-element_type=\"widget\" data-e-type=\"widget\" data-settings=\"{&quot;_animation&quot;:&quot;slideInUp&quot;}\" data-widget_type=\"heading.default\">\n\t\t\t\t<div class=\"elementor-widget-container\">\n\t\t\t\t\t<h2 class=\"elementor-heading-title elementor-size-default\">Man lebt nur einmal<\/h2>\t\t\t\t<\/div>\n\t\t\t\t<\/div>\n\t\t\t\t<div class=\"elementor-element elementor-element-c0ca2c0 elementor-widget elementor-widget-text-editor\" data-id=\"c0ca2c0\" data-element_type=\"widget\" data-e-type=\"widget\" data-widget_type=\"text-editor.default\">\n\t\t\t\t<div class=\"elementor-widget-container\">\n\t\t\t\t\t\t\t\t\t<p class=\"font_8 wixui-rich-text__text translation-block\">Wir schaffen unvergessliche Momente, die die Tr\u00e4ume auf Ihrer Bucket List erf\u00fcllen.\nEgal, ob Sie eine romantische Hochzeitsreise planen oder Ihren Traumurlaub gestalten, wir sind hier, um Sie bei jedem Schritt zu begleiten.<\/p>\t\t\t\t\t\t\t\t<\/div>\n\t\t\t\t<\/div>\n\t\t\t\t\t<\/div>\n\t\t\t\t<\/div>\n\t\t<div class=\"elementor-element elementor-element-01031d6 e-con-full e-flex e-con e-parent\" data-id=\"01031d6\" data-element_type=\"container\" data-e-type=\"container\">\n\t\t<div class=\"elementor-element elementor-element-70cd48b e-con-full e-flex e-con e-child\" data-id=\"70cd48b\" data-element_type=\"container\" data-e-type=\"container\" data-settings=\"{&quot;background_background&quot;:&quot;classic&quot;}\">\n\t\t\t\t<div class=\"elementor-element elementor-element-834b866 animated-slow elementor-invisible elementor-widget elementor-widget-heading\" data-id=\"834b866\" data-element_type=\"widget\" data-e-type=\"widget\" data-settings=\"{&quot;_animation&quot;:&quot;slideInLeft&quot;}\" data-widget_type=\"heading.default\">\n\t\t\t\t<div class=\"elementor-widget-container\">\n\t\t\t\t\t<h2 class=\"elementor-heading-title elementor-size-default\">Wir zeigen Ihnen das Beste der Schweiz<\/h2>\t\t\t\t<\/div>\n\t\t\t\t<\/div>\n\t\t\t\t<div class=\"elementor-element elementor-element-b5f53b4 elementor-widget elementor-widget-text-editor\" data-id=\"b5f53b4\" data-element_type=\"widget\" data-e-type=\"widget\" data-widget_type=\"text-editor.default\">\n\t\t\t\t<div class=\"elementor-widget-container\">\n\t\t\t\t\t\t\t\t\t<p>Wir haben das Schweizer Terrain von oben bis unten erkundet, die besten Resorts und Unterk\u00fcnfte, um Ihnen das beste Erlebnis zu bieten.<\/p><p>Wir organisieren alle Arten von personalisierten Erlebnissen f\u00fcr Sie: Wellness und Spa, Achtsamkeit und Yoga-Retreats, Hubschrauberfl\u00fcge, gastronomische Erlebnisse, Weinproben, Abenteueraktivit\u00e4ten.<\/p><p>SIE FRAGEN UNS, WIR MACHEN ES M\u00d6GLICH.<\/p>\t\t\t\t\t\t\t\t<\/div>\n\t\t\t\t<\/div>\n\t\t\t\t<\/div>\n\t\t<div class=\"elementor-element elementor-element-0bd332f e-con-full e-flex e-con e-child\" data-id=\"0bd332f\" data-element_type=\"container\" data-e-type=\"container\" data-settings=\"{&quot;background_background&quot;:&quot;classic&quot;}\">\n\t\t\t\t<\/div>\n\t\t\t\t<\/div>\n\t\t<div class=\"elementor-element elementor-element-fc54cd0 e-con-full e-flex e-con e-parent\" data-id=\"fc54cd0\" data-element_type=\"container\" data-e-type=\"container\">\n\t\t<div class=\"elementor-element elementor-element-ffd2b75 e-con-full e-flex e-con e-child\" data-id=\"ffd2b75\" data-element_type=\"container\" data-e-type=\"container\" data-settings=\"{&quot;background_background&quot;:&quot;classic&quot;}\">\n\t\t\t\t<\/div>\n\t\t<div class=\"elementor-element elementor-element-44d6276 e-con-full e-flex e-con e-child\" data-id=\"44d6276\" data-element_type=\"container\" data-e-type=\"container\" data-settings=\"{&quot;background_background&quot;:&quot;classic&quot;}\">\n\t\t\t\t<div class=\"elementor-element elementor-element-2d04d52 animated-slow elementor-invisible elementor-widget elementor-widget-heading\" data-id=\"2d04d52\" data-element_type=\"widget\" data-e-type=\"widget\" data-settings=\"{&quot;_animation&quot;:&quot;slideInRight&quot;}\" data-widget_type=\"heading.default\">\n\t\t\t\t<div class=\"elementor-widget-container\">\n\t\t\t\t\t<h2 class=\"elementor-heading-title elementor-size-default\">Entdecken Sie die Sch\u00f6nheit der Schweiz zu jeder Jahreszeit.<\/h2>\t\t\t\t<\/div>\n\t\t\t\t<\/div>\n\t\t\t\t<div class=\"elementor-element elementor-element-7a682a2 elementor-widget elementor-widget-text-editor\" data-id=\"7a682a2\" data-element_type=\"widget\" data-e-type=\"widget\" data-widget_type=\"text-editor.default\">\n\t\t\t\t<div class=\"elementor-widget-container\">\n\t\t\t\t\t\t\t\t\t<p class=\"font_8 wixui-rich-text__text\">Entdecken Sie die Sch\u00f6nheit der Schweiz zu jeder Jahreszeit.\u00a0<\/p><p class=\"font_8 wixui-rich-text__text\">Sommer mit endlosen Tageslichtstunden, Spazierg\u00e4ngen durch gr\u00fcne T\u00e4ler, das Rauschen und die Frische von Wasserf\u00e4llen und Fl\u00fcssen, sowie Segeltouren auf einigen der sch\u00f6nsten Seen Europas.<\/p><p class=\"font_8 wixui-rich-text__text\">Atemberaubende Panoramafahrten und Aufstiege zu Gipfeln und Gletschern erinnern Sie daran, dass Sie sich an einem der unglaublichsten Orte der Erde befinden.<\/p><p class=\"font_8 wixui-rich-text__text\">Das Wort \"Winterwunderland\" beschreibt den Winter in der Schweiz am besten. Alpent\u00e4ler und D\u00f6rfer, bedeckt mit wei\u00dfen M\u00e4nteln, der Charme der knisternden Kamine.<\/p><p class=\"font_8 wixui-rich-text__text\">Und was k\u00f6nnte besser sein, als einen Skitag mit einer entspannenden Massage und einer guten Spa-Session zu beenden?<\/p><p class=\"font_8 wixui-rich-text__text\">Fr\u00fchling und Herbst sind die Highlights der Gastronomie. Frische Produkte und eine erstaunliche Kochkunst, umgeben von atemberaubenden Landschaften, bieten Ihnen das beste Gourmeterlebnis.\u00a0<\/p>\t\t\t\t\t\t\t\t<\/div>\n\t\t\t\t<\/div>\n\t\t\t\t<\/div>\n\t\t\t\t<\/div>\n\t\t\t\t<\/div>","protected":false},"excerpt":{"rendered":"<p>BLACK YETI GOLDEN The luxury travel experience You only live once We create unforgettable moments that fulfil the dreams on your bucket list.\u00a0Whether you are planning a romantic honeymoon or creating your dream vacation, we are here to help you every step of the way. We reveal you the best of Switzerland We have explored [&hellip;]<\/p>\n","protected":false},"author":1,"featured_media":0,"parent":0,"menu_order":0,"comment_status":"closed","ping_status":"closed","template":"elementor_header_footer","meta":{"footnotes":""},"class_list":["post-217","page","type-page","status-publish","hentry"],"yoast_head":"<!-- This site is optimized with the Yoast SEO plugin v27.1.1 - https:\/\/yoast.com\/product\/yoast-seo-wordpress\/ -->\n<title>Black Yeti Golden - Black Yeti Switzerland<\/title>\n<meta name=\"robots\" content=\"index, follow, max-snippet:-1, max-image-preview:large, max-video-preview:-1\" \/>\n<link rel=\"canonical\" href=\"https:\/\/blackyetiswitzerland.com\/de\/golden-yeti\/\" \/>\n<meta property=\"og:locale\" content=\"de_DE\" \/>\n<meta property=\"og:type\" content=\"article\" \/>\n<meta property=\"og:title\" content=\"Black Yeti Golden - Black Yeti Switzerland\" \/>\n<meta property=\"og:description\" content=\"BLACK YETI GOLDEN The luxury travel experience You only live once We create unforgettable moments that fulfil the dreams on your bucket list.\u00a0Whether you are planning a romantic honeymoon or creating your dream vacation, we are here to help you every step of the way. We reveal you the best of Switzerland We have explored [&hellip;]\" \/>\n<meta property=\"og:url\" content=\"https:\/\/blackyetiswitzerland.com\/de\/golden-yeti\/\" \/>\n<meta property=\"og:site_name\" content=\"Black Yeti Switzerland\" \/>\n<meta property=\"article:modified_time\" content=\"2024-11-12T10:40:49+00:00\" \/>\n<meta name=\"twitter:card\" content=\"summary_large_image\" \/>\n<meta name=\"twitter:label1\" content=\"Gesch\u00e4tzte Lesezeit\" \/>\n\t<meta name=\"twitter:data1\" content=\"2\u00a0Minuten\" \/>\n<script type=\"application\/ld+json\" class=\"yoast-schema-graph\">{\"@context\":\"https:\/\/schema.org\",\"@graph\":[{\"@type\":\"WebPage\",\"@id\":\"https:\/\/blackyetiswitzerland.com\/golden-yeti\/\",\"url\":\"https:\/\/blackyetiswitzerland.com\/golden-yeti\/\",\"name\":\"Black Yeti Golden - Black Yeti Switzerland\",\"isPartOf\":{\"@id\":\"https:\/\/blackyetiswitzerland.com\/#website\"},\"primaryImageOfPage\":{\"@id\":\"https:\/\/blackyetiswitzerland.com\/golden-yeti\/#primaryimage\"},\"image\":{\"@id\":\"https:\/\/blackyetiswitzerland.com\/golden-yeti\/#primaryimage\"},\"thumbnailUrl\":\"https:\/\/blackyetiswitzerland.com\/wp-content\/uploads\/2024\/09\/Vector-1-1.svg\",\"datePublished\":\"2024-09-11T09:50:15+00:00\",\"dateModified\":\"2024-11-12T10:40:49+00:00\",\"breadcrumb\":{\"@id\":\"https:\/\/blackyetiswitzerland.com\/golden-yeti\/#breadcrumb\"},\"inLanguage\":\"de\",\"potentialAction\":[{\"@type\":\"ReadAction\",\"target\":[\"https:\/\/blackyetiswitzerland.com\/golden-yeti\/\"]}]},{\"@type\":\"ImageObject\",\"inLanguage\":\"de\",\"@id\":\"https:\/\/blackyetiswitzerland.com\/golden-yeti\/#primaryimage\",\"url\":\"https:\/\/blackyetiswitzerland.com\/wp-content\/uploads\/2024\/09\/Vector-1-1.svg\",\"contentUrl\":\"https:\/\/blackyetiswitzerland.com\/wp-content\/uploads\/2024\/09\/Vector-1-1.svg\"},{\"@type\":\"BreadcrumbList\",\"@id\":\"https:\/\/blackyetiswitzerland.com\/golden-yeti\/#breadcrumb\",\"itemListElement\":[{\"@type\":\"ListItem\",\"position\":1,\"name\":\"Portada\",\"item\":\"https:\/\/blackyetiswitzerland.com\/\"},{\"@type\":\"ListItem\",\"position\":2,\"name\":\"Black Yeti Golden\"}]},{\"@type\":\"WebSite\",\"@id\":\"https:\/\/blackyetiswitzerland.com\/#website\",\"url\":\"https:\/\/blackyetiswitzerland.com\/\",\"name\":\"Black Yeti Switzerland\",\"description\":\"\",\"potentialAction\":[{\"@type\":\"SearchAction\",\"target\":{\"@type\":\"EntryPoint\",\"urlTemplate\":\"https:\/\/blackyetiswitzerland.com\/?s={search_term_string}\"},\"query-input\":{\"@type\":\"PropertyValueSpecification\",\"valueRequired\":true,\"valueName\":\"search_term_string\"}}],\"inLanguage\":\"de\"}]}<\/script>\n<!-- \/ Yoast SEO plugin. -->","yoast_head_json":{"title":"Black Yeti Golden - Black Yeti Switzerland","robots":{"index":"index","follow":"follow","max-snippet":"max-snippet:-1","max-image-preview":"max-image-preview:large","max-video-preview":"max-video-preview:-1"},"canonical":"https:\/\/blackyetiswitzerland.com\/de\/golden-yeti\/","og_locale":"de_DE","og_type":"article","og_title":"Black Yeti Golden - Black Yeti Switzerland","og_description":"BLACK YETI GOLDEN The luxury travel experience You only live once We create unforgettable moments that fulfil the dreams on your bucket list.\u00a0Whether you are planning a romantic honeymoon or creating your dream vacation, we are here to help you every step of the way. We reveal you the best of Switzerland We have explored [&hellip;]","og_url":"https:\/\/blackyetiswitzerland.com\/de\/golden-yeti\/","og_site_name":"Black Yeti Switzerland","article_modified_time":"2024-11-12T10:40:49+00:00","twitter_card":"summary_large_image","twitter_misc":{"Gesch\u00e4tzte Lesezeit":"2\u00a0Minuten"},"schema":{"@context":"https:\/\/schema.org","@graph":[{"@type":"WebPage","@id":"https:\/\/blackyetiswitzerland.com\/golden-yeti\/","url":"https:\/\/blackyetiswitzerland.com\/golden-yeti\/","name":"Black Yeti Golden - Black Yeti Switzerland","isPartOf":{"@id":"https:\/\/blackyetiswitzerland.com\/#website"},"primaryImageOfPage":{"@id":"https:\/\/blackyetiswitzerland.com\/golden-yeti\/#primaryimage"},"image":{"@id":"https:\/\/blackyetiswitzerland.com\/golden-yeti\/#primaryimage"},"thumbnailUrl":"https:\/\/blackyetiswitzerland.com\/wp-content\/uploads\/2024\/09\/Vector-1-1.svg","datePublished":"2024-09-11T09:50:15+00:00","dateModified":"2024-11-12T10:40:49+00:00","breadcrumb":{"@id":"https:\/\/blackyetiswitzerland.com\/golden-yeti\/#breadcrumb"},"inLanguage":"de","potentialAction":[{"@type":"ReadAction","target":["https:\/\/blackyetiswitzerland.com\/golden-yeti\/"]}]},{"@type":"ImageObject","inLanguage":"de","@id":"https:\/\/blackyetiswitzerland.com\/golden-yeti\/#primaryimage","url":"https:\/\/blackyetiswitzerland.com\/wp-content\/uploads\/2024\/09\/Vector-1-1.svg","contentUrl":"https:\/\/blackyetiswitzerland.com\/wp-content\/uploads\/2024\/09\/Vector-1-1.svg"},{"@type":"BreadcrumbList","@id":"https:\/\/blackyetiswitzerland.com\/golden-yeti\/#breadcrumb","itemListElement":[{"@type":"ListItem","position":1,"name":"Portada","item":"https:\/\/blackyetiswitzerland.com\/"},{"@type":"ListItem","position":2,"name":"Black Yeti Golden"}]},{"@type":"WebSite","@id":"https:\/\/blackyetiswitzerland.com\/#website","url":"https:\/\/blackyetiswitzerland.com\/","name":"Black Yeti Switzerland","description":"","potentialAction":[{"@type":"SearchAction","target":{"@type":"EntryPoint","urlTemplate":"https:\/\/blackyetiswitzerland.com\/?s={search_term_string}"},"query-input":{"@type":"PropertyValueSpecification","valueRequired":true,"valueName":"search_term_string"}}],"inLanguage":"de"}]}},"_links":{"self":[{"href":"https:\/\/blackyetiswitzerland.com\/de\/wp-json\/wp\/v2\/pages\/217","targetHints":{"allow":["GET"]}}],"collection":[{"href":"https:\/\/blackyetiswitzerland.com\/de\/wp-json\/wp\/v2\/pages"}],"about":[{"href":"https:\/\/blackyetiswitzerland.com\/de\/wp-json\/wp\/v2\/types\/page"}],"author":[{"embeddable":true,"href":"https:\/\/blackyetiswitzerland.com\/de\/wp-json\/wp\/v2\/users\/1"}],"replies":[{"embeddable":true,"href":"https:\/\/blackyetiswitzerland.com\/de\/wp-json\/wp\/v2\/comments?post=217"}],"version-history":[{"count":101,"href":"https:\/\/blackyetiswitzerland.com\/de\/wp-json\/wp\/v2\/pages\/217\/revisions"}],"predecessor-version":[{"id":1132,"href":"https:\/\/blackyetiswitzerland.com\/de\/wp-json\/wp\/v2\/pages\/217\/revisions\/1132"}],"wp:attachment":[{"href":"https:\/\/blackyetiswitzerland.com\/de\/wp-json\/wp\/v2\/media?parent=217"}],"curies":[{"name":"wp","href":"https:\/\/api.w.org\/{rel}","templated":true}]}}