{"id":797,"date":"2024-10-04T13:29:38","date_gmt":"2024-10-04T13:29:38","guid":{"rendered":"https:\/\/blackyetiswitzerland.com\/?page_id=797"},"modified":"2024-11-17T11:22:57","modified_gmt":"2024-11-17T11:22:57","slug":"about-us","status":"publish","type":"page","link":"https:\/\/blackyetiswitzerland.com\/de\/about-us\/","title":{"rendered":"\u00dcber uns"},"content":{"rendered":"<div data-elementor-type=\"wp-page\" data-elementor-id=\"797\" class=\"elementor elementor-797\" data-elementor-post-type=\"page\">\n\t\t\t\t<div class=\"elementor-element elementor-element-7822a60 e-flex e-con-boxed e-con e-parent\" data-id=\"7822a60\" data-element_type=\"container\" data-e-type=\"container\" data-settings=\"{&quot;background_background&quot;:&quot;classic&quot;}\">\n\t\t\t\t\t<div class=\"e-con-inner\">\n\t\t\t\t<div class=\"elementor-element elementor-element-09fe769 animated-slow elementor-invisible elementor-widget elementor-widget-heading\" data-id=\"09fe769\" data-element_type=\"widget\" data-e-type=\"widget\" data-settings=\"{&quot;_animation&quot;:&quot;zoomIn&quot;}\" data-widget_type=\"heading.default\">\n\t\t\t\t<div class=\"elementor-widget-container\">\n\t\t\t\t\t<h1 class=\"elementor-heading-title elementor-size-default\">\u00dcBER UNS<\/h1>\t\t\t\t<\/div>\n\t\t\t\t<\/div>\n\t\t\t\t\t<\/div>\n\t\t\t\t<\/div>\n\t\t<div class=\"elementor-element elementor-element-b3d4c35 e-flex e-con-boxed e-con e-parent\" data-id=\"b3d4c35\" data-element_type=\"container\" data-e-type=\"container\" data-settings=\"{&quot;background_background&quot;:&quot;classic&quot;}\">\n\t\t\t\t\t<div class=\"e-con-inner\">\n\t\t<div class=\"elementor-element elementor-element-bb56c7a e-con-full e-flex e-con e-child\" data-id=\"bb56c7a\" data-element_type=\"container\" data-e-type=\"container\">\n\t\t\t\t<div class=\"elementor-element elementor-element-0474f19 elementor-widget elementor-widget-text-editor\" data-id=\"0474f19\" data-element_type=\"widget\" data-e-type=\"widget\" data-widget_type=\"text-editor.default\">\n\t\t\t\t<div class=\"elementor-widget-container\">\n\t\t\t\t\t\t\t\t\t<p>Wir sind Black Yeti Switzerland, eine Incoming-Reiseagentur mit Sitz in der Schweiz, die sich der Schaffung personalisierter Reiseerlebnisse widmet, die die wahre Essenz des Landes einfangen. Unser Ziel ist es, einzigartige Reiserouten zu entwerfen, die auf die Interessen und Vorlieben jedes Reisenden zugeschnitten sind, und sicherzustellen, dass jede Erfahrung unvergesslich ist. Nachhaltigkeit ist einer unserer Hauptpfeiler. Wir arbeiten mit Unterk\u00fcnften und Aktivit\u00e4ten zusammen, die die Umwelt respektieren und lokale Gemeinschaften unterst\u00fctzen, und f\u00fchren unsere Kunden \u00fcber die \u00fcblichen Touristenziele hinaus zu authentischen und weniger bekannten Teilen der Schweiz.<\/p>\t\t\t\t\t\t\t\t<\/div>\n\t\t\t\t<\/div>\n\t\t\t\t<\/div>\n\t\t<div class=\"elementor-element elementor-element-28ad404 e-con-full e-flex e-con e-child\" data-id=\"28ad404\" data-element_type=\"container\" data-e-type=\"container\">\n\t\t\t\t<div class=\"elementor-element elementor-element-ad5bcfc elementor-widget elementor-widget-image\" data-id=\"ad5bcfc\" data-element_type=\"widget\" data-e-type=\"widget\" data-widget_type=\"image.default\">\n\t\t\t\t<div class=\"elementor-widget-container\">\n\t\t\t\t\t\t\t\t\t\t\t\t\t\t\t<img fetchpriority=\"high\" decoding=\"async\" width=\"800\" height=\"450\" src=\"https:\/\/blackyetiswitzerland.com\/wp-content\/uploads\/2024\/09\/shutterstock_2439656991.jpg\" class=\"attachment-large size-large wp-image-311\" alt=\"\" srcset=\"https:\/\/blackyetiswitzerland.com\/wp-content\/uploads\/2024\/09\/shutterstock_2439656991.jpg 1000w, https:\/\/blackyetiswitzerland.com\/wp-content\/uploads\/2024\/09\/shutterstock_2439656991-300x169.jpg 300w, https:\/\/blackyetiswitzerland.com\/wp-content\/uploads\/2024\/09\/shutterstock_2439656991-768x432.jpg 768w, https:\/\/blackyetiswitzerland.com\/wp-content\/uploads\/2024\/09\/shutterstock_2439656991-18x10.jpg 18w\" sizes=\"(max-width: 800px) 100vw, 800px\" \/>\t\t\t\t\t\t\t\t\t\t\t\t\t\t\t<\/div>\n\t\t\t\t<\/div>\n\t\t\t\t<\/div>\n\t\t\t\t\t<\/div>\n\t\t\t\t<\/div>\n\t\t<div class=\"elementor-element elementor-element-0bd2c01 e-flex e-con-boxed e-con e-parent\" data-id=\"0bd2c01\" data-element_type=\"container\" data-e-type=\"container\">\n\t\t\t\t\t<div class=\"e-con-inner\">\n\t\t\t\t<div class=\"elementor-element elementor-element-560a0f7 animated-slow elementor-invisible elementor-widget elementor-widget-heading\" data-id=\"560a0f7\" data-element_type=\"widget\" data-e-type=\"widget\" data-settings=\"{&quot;_animation&quot;:&quot;slideInLeft&quot;}\" data-widget_type=\"heading.default\">\n\t\t\t\t<div class=\"elementor-widget-container\">\n\t\t\t\t\t<h2 class=\"elementor-heading-title elementor-size-default\">Das Team<\/h2>\t\t\t\t<\/div>\n\t\t\t\t<\/div>\n\t\t\t\t<div class=\"elementor-element elementor-element-dd0b6ed elementor-widget elementor-widget-text-editor\" data-id=\"dd0b6ed\" data-element_type=\"widget\" data-e-type=\"widget\" data-widget_type=\"text-editor.default\">\n\t\t\t\t<div class=\"elementor-widget-container\">\n\t\t\t\t\t\t\t\t\t<p>Unser Team besteht aus Experten der Tourismusbranche. Miriam, unsere Direktorin und Reisespezialistin, sorgt daf\u00fcr, dass jeder Reiseplan sorgf\u00e4ltig erstellt wird, um das bestm\u00f6gliche Erlebnis zu bieten. Guillermo, unser Vertriebsmitarbeiter, steht ab dem ersten Kontakt zur Verf\u00fcgung, um sicherzustellen, dass alle deine Bed\u00fcrfnisse erf\u00fcllt werden. Maite, eine unserer erfahrensten Reiseleiterinnen, bringt ihr umfassendes Wissen \u00fcber die Schweiz ein, um jede Tour zu bereichern und ein einzigartiges Erlebnis zu gew\u00e4hrleisten. Bei Black Yeti Switzerland bem\u00fchen wir uns jeden Tag, uns zu verbessern. Wir h\u00f6ren auf unsere Kunden, um einen Service zu bieten, der ihren W\u00fcnschen und Bed\u00fcrfnissen entspricht, und arbeiten mit lokalen Unternehmen zusammen, um authentische Erlebnisse zu schaffen, die sowohl den Reisenden als auch den Gemeinschaften zugutekommen. Wir laden Sie ein, mit uns die Wunder der Schweiz zu entdecken \u2013 sind Sie bereit?<\/p>\t\t\t\t\t\t\t\t<\/div>\n\t\t\t\t<\/div>\n\t\t\t\t\t<\/div>\n\t\t\t\t<\/div>\n\t\t<div class=\"elementor-element elementor-element-ad9f6f0 e-flex e-con-boxed e-con e-parent\" data-id=\"ad9f6f0\" data-element_type=\"container\" data-e-type=\"container\">\n\t\t\t\t\t<div class=\"e-con-inner\">\n\t\t<div class=\"elementor-element elementor-element-949d79a e-con-full e-flex e-con e-child\" data-id=\"949d79a\" data-element_type=\"container\" data-e-type=\"container\">\n\t\t\t\t<div class=\"elementor-element elementor-element-120e592 elementor-widget elementor-widget-image\" data-id=\"120e592\" data-element_type=\"widget\" data-e-type=\"widget\" data-widget_type=\"image.default\">\n\t\t\t\t<div class=\"elementor-widget-container\">\n\t\t\t\t\t\t\t\t\t\t\t\t\t\t\t<img decoding=\"async\" width=\"700\" height=\"700\" src=\"https:\/\/blackyetiswitzerland.com\/wp-content\/uploads\/2024\/11\/IMG_1363.JPG-scaled-1.png\" class=\"attachment-full size-full wp-image-1145\" alt=\"\" srcset=\"https:\/\/blackyetiswitzerland.com\/wp-content\/uploads\/2024\/11\/IMG_1363.JPG-scaled-1.png 700w, https:\/\/blackyetiswitzerland.com\/wp-content\/uploads\/2024\/11\/IMG_1363.JPG-scaled-1-300x300.png 300w, https:\/\/blackyetiswitzerland.com\/wp-content\/uploads\/2024\/11\/IMG_1363.JPG-scaled-1-150x150.png 150w, https:\/\/blackyetiswitzerland.com\/wp-content\/uploads\/2024\/11\/IMG_1363.JPG-scaled-1-12x12.png 12w\" sizes=\"(max-width: 700px) 100vw, 700px\" \/>\t\t\t\t\t\t\t\t\t\t\t\t\t\t\t<\/div>\n\t\t\t\t<\/div>\n\t\t<div class=\"elementor-element elementor-element-6fd5a72 e-con-full e-flex e-con e-child\" data-id=\"6fd5a72\" data-element_type=\"container\" data-e-type=\"container\">\n\t\t\t\t<div class=\"elementor-element elementor-element-0014ff5 elementor-widget elementor-widget-heading\" data-id=\"0014ff5\" data-element_type=\"widget\" data-e-type=\"widget\" data-widget_type=\"heading.default\">\n\t\t\t\t<div class=\"elementor-widget-container\">\n\t\t\t\t\t<h2 class=\"elementor-heading-title elementor-size-default\">Miriam de Arriba<\/h2>\t\t\t\t<\/div>\n\t\t\t\t<\/div>\n\t\t\t\t<div class=\"elementor-element elementor-element-0ea42a8 elementor-widget elementor-widget-text-editor\" data-id=\"0ea42a8\" data-element_type=\"widget\" data-e-type=\"widget\" data-widget_type=\"text-editor.default\">\n\t\t\t\t<div class=\"elementor-widget-container\">\n\t\t\t\t\t\t\t\t\t<p><span style=\"font-weight: 400;\">Gesch\u00e4ftsf\u00fchrerin<\/span><\/p>\t\t\t\t\t\t\t\t<\/div>\n\t\t\t\t<\/div>\n\t\t\t\t<\/div>\n\t\t\t\t<\/div>\n\t\t<div class=\"elementor-element elementor-element-cba9b1e e-con-full e-flex e-con e-child\" data-id=\"cba9b1e\" data-element_type=\"container\" data-e-type=\"container\">\n\t\t\t\t<div class=\"elementor-element elementor-element-3251ee0 elementor-widget elementor-widget-image\" data-id=\"3251ee0\" data-element_type=\"widget\" data-e-type=\"widget\" data-widget_type=\"image.default\">\n\t\t\t\t<div class=\"elementor-widget-container\">\n\t\t\t\t\t\t\t\t\t\t\t\t\t\t\t<img decoding=\"async\" width=\"700\" height=\"700\" src=\"https:\/\/blackyetiswitzerland.com\/wp-content\/uploads\/2024\/11\/1694806530231-removebg.png\" class=\"attachment-full size-full wp-image-1144\" alt=\"\" srcset=\"https:\/\/blackyetiswitzerland.com\/wp-content\/uploads\/2024\/11\/1694806530231-removebg.png 700w, https:\/\/blackyetiswitzerland.com\/wp-content\/uploads\/2024\/11\/1694806530231-removebg-300x300.png 300w, https:\/\/blackyetiswitzerland.com\/wp-content\/uploads\/2024\/11\/1694806530231-removebg-150x150.png 150w, https:\/\/blackyetiswitzerland.com\/wp-content\/uploads\/2024\/11\/1694806530231-removebg-12x12.png 12w\" sizes=\"(max-width: 700px) 100vw, 700px\" \/>\t\t\t\t\t\t\t\t\t\t\t\t\t\t\t<\/div>\n\t\t\t\t<\/div>\n\t\t<div class=\"elementor-element elementor-element-5008404 e-con-full e-flex e-con e-child\" data-id=\"5008404\" data-element_type=\"container\" data-e-type=\"container\">\n\t\t\t\t<div class=\"elementor-element elementor-element-56e533c elementor-widget elementor-widget-heading\" data-id=\"56e533c\" data-element_type=\"widget\" data-e-type=\"widget\" data-widget_type=\"heading.default\">\n\t\t\t\t<div class=\"elementor-widget-container\">\n\t\t\t\t\t<h2 class=\"elementor-heading-title elementor-size-default\">Guillermo Gil <\/h2>\t\t\t\t<\/div>\n\t\t\t\t<\/div>\n\t\t\t\t<div class=\"elementor-element elementor-element-bd51b38 elementor-widget elementor-widget-text-editor\" data-id=\"bd51b38\" data-element_type=\"widget\" data-e-type=\"widget\" data-widget_type=\"text-editor.default\">\n\t\t\t\t<div class=\"elementor-widget-container\">\n\t\t\t\t\t\t\t\t\t<p>Vertriebsmitarbeiter f\u00fcr Spanien, Portugal und LATAM<\/p>\t\t\t\t\t\t\t\t<\/div>\n\t\t\t\t<\/div>\n\t\t\t\t<\/div>\n\t\t\t\t<\/div>\n\t\t<div class=\"elementor-element elementor-element-34d6883 e-con-full e-flex e-con e-child\" data-id=\"34d6883\" data-element_type=\"container\" data-e-type=\"container\">\n\t\t\t\t<div class=\"elementor-element elementor-element-6a94eab elementor-widget elementor-widget-image\" data-id=\"6a94eab\" data-element_type=\"widget\" data-e-type=\"widget\" data-widget_type=\"image.default\">\n\t\t\t\t<div class=\"elementor-widget-container\">\n\t\t\t\t\t\t\t\t\t\t\t\t\t\t\t<img loading=\"lazy\" decoding=\"async\" width=\"700\" height=\"700\" src=\"https:\/\/blackyetiswitzerland.com\/wp-content\/uploads\/2024\/11\/WhatsApp-Image-2024-01-05-at-20.27.50.png\" class=\"attachment-full size-full wp-image-1143\" alt=\"\" srcset=\"https:\/\/blackyetiswitzerland.com\/wp-content\/uploads\/2024\/11\/WhatsApp-Image-2024-01-05-at-20.27.50.png 700w, https:\/\/blackyetiswitzerland.com\/wp-content\/uploads\/2024\/11\/WhatsApp-Image-2024-01-05-at-20.27.50-300x300.png 300w, https:\/\/blackyetiswitzerland.com\/wp-content\/uploads\/2024\/11\/WhatsApp-Image-2024-01-05-at-20.27.50-150x150.png 150w, https:\/\/blackyetiswitzerland.com\/wp-content\/uploads\/2024\/11\/WhatsApp-Image-2024-01-05-at-20.27.50-12x12.png 12w\" sizes=\"(max-width: 700px) 100vw, 700px\" \/>\t\t\t\t\t\t\t\t\t\t\t\t\t\t\t<\/div>\n\t\t\t\t<\/div>\n\t\t<div class=\"elementor-element elementor-element-fa03f90 e-con-full e-flex e-con e-child\" data-id=\"fa03f90\" data-element_type=\"container\" data-e-type=\"container\">\n\t\t\t\t<div class=\"elementor-element elementor-element-dd50a5c elementor-widget elementor-widget-heading\" data-id=\"dd50a5c\" data-element_type=\"widget\" data-e-type=\"widget\" data-widget_type=\"heading.default\">\n\t\t\t\t<div class=\"elementor-widget-container\">\n\t\t\t\t\t<h2 class=\"elementor-heading-title elementor-size-default\">Maite G.Bayona<\/h2>\t\t\t\t<\/div>\n\t\t\t\t<\/div>\n\t\t\t\t<div class=\"elementor-element elementor-element-f92439b elementor-widget elementor-widget-text-editor\" data-id=\"f92439b\" data-element_type=\"widget\" data-e-type=\"widget\" data-widget_type=\"text-editor.default\">\n\t\t\t\t<div class=\"elementor-widget-container\">\n\t\t\t\t\t\t\t\t\t<p>Gruppenkoordinatorin und Reiseleiterin<\/p>\t\t\t\t\t\t\t\t<\/div>\n\t\t\t\t<\/div>\n\t\t\t\t<\/div>\n\t\t\t\t<\/div>\n\t\t\t\t\t<\/div>\n\t\t\t\t<\/div>\n\t\t\t\t<\/div>","protected":false},"excerpt":{"rendered":"<p>ABOUT US We are Black Yeti Switzerland, an incoming travel agency based in Switzerland, dedicated to creating personalised travel experiences that capture the true essence of the country. Our aim is to design unique itineraries tailored to each traveller&#8217;s interests and preferences, ensuring that every experience is unforgettable. Sustainability is one of our key pillars. [&hellip;]<\/p>\n","protected":false},"author":1,"featured_media":0,"parent":0,"menu_order":0,"comment_status":"closed","ping_status":"closed","template":"elementor_header_footer","meta":{"footnotes":""},"class_list":["post-797","page","type-page","status-publish","hentry"],"yoast_head":"<!-- This site is optimized with the Yoast SEO plugin v27.1.1 - https:\/\/yoast.com\/product\/yoast-seo-wordpress\/ -->\n<title>About us - Black Yeti Switzerland<\/title>\n<meta name=\"robots\" content=\"index, follow, max-snippet:-1, max-image-preview:large, max-video-preview:-1\" \/>\n<link rel=\"canonical\" href=\"https:\/\/blackyetiswitzerland.com\/de\/about-us\/\" \/>\n<meta property=\"og:locale\" content=\"de_DE\" \/>\n<meta property=\"og:type\" content=\"article\" \/>\n<meta property=\"og:title\" content=\"About us - Black Yeti Switzerland\" \/>\n<meta property=\"og:description\" content=\"ABOUT US We are Black Yeti Switzerland, an incoming travel agency based in Switzerland, dedicated to creating personalised travel experiences that capture the true essence of the country. Our aim is to design unique itineraries tailored to each traveller&#8217;s interests and preferences, ensuring that every experience is unforgettable. Sustainability is one of our key pillars. [&hellip;]\" \/>\n<meta property=\"og:url\" content=\"https:\/\/blackyetiswitzerland.com\/de\/about-us\/\" \/>\n<meta property=\"og:site_name\" content=\"Black Yeti Switzerland\" \/>\n<meta property=\"article:modified_time\" content=\"2024-11-17T11:22:57+00:00\" \/>\n<meta property=\"og:image\" content=\"https:\/\/blackyetiswitzerland.com\/wp-content\/uploads\/2024\/09\/shutterstock_2439656991.jpg\" \/>\n\t<meta property=\"og:image:width\" content=\"1000\" \/>\n\t<meta property=\"og:image:height\" content=\"563\" \/>\n\t<meta property=\"og:image:type\" content=\"image\/jpeg\" \/>\n<meta name=\"twitter:card\" content=\"summary_large_image\" \/>\n<meta name=\"twitter:label1\" content=\"Gesch\u00e4tzte Lesezeit\" \/>\n\t<meta name=\"twitter:data1\" content=\"2\u00a0Minuten\" \/>\n<script type=\"application\/ld+json\" class=\"yoast-schema-graph\">{\"@context\":\"https:\/\/schema.org\",\"@graph\":[{\"@type\":\"WebPage\",\"@id\":\"https:\/\/blackyetiswitzerland.com\/about-us\/\",\"url\":\"https:\/\/blackyetiswitzerland.com\/about-us\/\",\"name\":\"About us - Black Yeti Switzerland\",\"isPartOf\":{\"@id\":\"https:\/\/blackyetiswitzerland.com\/#website\"},\"primaryImageOfPage\":{\"@id\":\"https:\/\/blackyetiswitzerland.com\/about-us\/#primaryimage\"},\"image\":{\"@id\":\"https:\/\/blackyetiswitzerland.com\/about-us\/#primaryimage\"},\"thumbnailUrl\":\"https:\/\/blackyetiswitzerland.com\/wp-content\/uploads\/2024\/09\/shutterstock_2439656991.jpg\",\"datePublished\":\"2024-10-04T13:29:38+00:00\",\"dateModified\":\"2024-11-17T11:22:57+00:00\",\"breadcrumb\":{\"@id\":\"https:\/\/blackyetiswitzerland.com\/about-us\/#breadcrumb\"},\"inLanguage\":\"de\",\"potentialAction\":[{\"@type\":\"ReadAction\",\"target\":[\"https:\/\/blackyetiswitzerland.com\/about-us\/\"]}]},{\"@type\":\"ImageObject\",\"inLanguage\":\"de\",\"@id\":\"https:\/\/blackyetiswitzerland.com\/about-us\/#primaryimage\",\"url\":\"https:\/\/blackyetiswitzerland.com\/wp-content\/uploads\/2024\/09\/shutterstock_2439656991.jpg\",\"contentUrl\":\"https:\/\/blackyetiswitzerland.com\/wp-content\/uploads\/2024\/09\/shutterstock_2439656991.jpg\"},{\"@type\":\"BreadcrumbList\",\"@id\":\"https:\/\/blackyetiswitzerland.com\/about-us\/#breadcrumb\",\"itemListElement\":[{\"@type\":\"ListItem\",\"position\":1,\"name\":\"Portada\",\"item\":\"https:\/\/blackyetiswitzerland.com\/\"},{\"@type\":\"ListItem\",\"position\":2,\"name\":\"About us\"}]},{\"@type\":\"WebSite\",\"@id\":\"https:\/\/blackyetiswitzerland.com\/#website\",\"url\":\"https:\/\/blackyetiswitzerland.com\/\",\"name\":\"Black Yeti Switzerland\",\"description\":\"\",\"potentialAction\":[{\"@type\":\"SearchAction\",\"target\":{\"@type\":\"EntryPoint\",\"urlTemplate\":\"https:\/\/blackyetiswitzerland.com\/?s={search_term_string}\"},\"query-input\":{\"@type\":\"PropertyValueSpecification\",\"valueRequired\":true,\"valueName\":\"search_term_string\"}}],\"inLanguage\":\"de\"}]}<\/script>\n<!-- \/ Yoast SEO plugin. -->","yoast_head_json":{"title":"About us - Black Yeti Switzerland","robots":{"index":"index","follow":"follow","max-snippet":"max-snippet:-1","max-image-preview":"max-image-preview:large","max-video-preview":"max-video-preview:-1"},"canonical":"https:\/\/blackyetiswitzerland.com\/de\/about-us\/","og_locale":"de_DE","og_type":"article","og_title":"About us - Black Yeti Switzerland","og_description":"ABOUT US We are Black Yeti Switzerland, an incoming travel agency based in Switzerland, dedicated to creating personalised travel experiences that capture the true essence of the country. Our aim is to design unique itineraries tailored to each traveller&#8217;s interests and preferences, ensuring that every experience is unforgettable. Sustainability is one of our key pillars. [&hellip;]","og_url":"https:\/\/blackyetiswitzerland.com\/de\/about-us\/","og_site_name":"Black Yeti Switzerland","article_modified_time":"2024-11-17T11:22:57+00:00","og_image":[{"width":1000,"height":563,"url":"https:\/\/blackyetiswitzerland.com\/wp-content\/uploads\/2024\/09\/shutterstock_2439656991.jpg","type":"image\/jpeg"}],"twitter_card":"summary_large_image","twitter_misc":{"Gesch\u00e4tzte Lesezeit":"2\u00a0Minuten"},"schema":{"@context":"https:\/\/schema.org","@graph":[{"@type":"WebPage","@id":"https:\/\/blackyetiswitzerland.com\/about-us\/","url":"https:\/\/blackyetiswitzerland.com\/about-us\/","name":"About us - Black Yeti Switzerland","isPartOf":{"@id":"https:\/\/blackyetiswitzerland.com\/#website"},"primaryImageOfPage":{"@id":"https:\/\/blackyetiswitzerland.com\/about-us\/#primaryimage"},"image":{"@id":"https:\/\/blackyetiswitzerland.com\/about-us\/#primaryimage"},"thumbnailUrl":"https:\/\/blackyetiswitzerland.com\/wp-content\/uploads\/2024\/09\/shutterstock_2439656991.jpg","datePublished":"2024-10-04T13:29:38+00:00","dateModified":"2024-11-17T11:22:57+00:00","breadcrumb":{"@id":"https:\/\/blackyetiswitzerland.com\/about-us\/#breadcrumb"},"inLanguage":"de","potentialAction":[{"@type":"ReadAction","target":["https:\/\/blackyetiswitzerland.com\/about-us\/"]}]},{"@type":"ImageObject","inLanguage":"de","@id":"https:\/\/blackyetiswitzerland.com\/about-us\/#primaryimage","url":"https:\/\/blackyetiswitzerland.com\/wp-content\/uploads\/2024\/09\/shutterstock_2439656991.jpg","contentUrl":"https:\/\/blackyetiswitzerland.com\/wp-content\/uploads\/2024\/09\/shutterstock_2439656991.jpg"},{"@type":"BreadcrumbList","@id":"https:\/\/blackyetiswitzerland.com\/about-us\/#breadcrumb","itemListElement":[{"@type":"ListItem","position":1,"name":"Portada","item":"https:\/\/blackyetiswitzerland.com\/"},{"@type":"ListItem","position":2,"name":"About us"}]},{"@type":"WebSite","@id":"https:\/\/blackyetiswitzerland.com\/#website","url":"https:\/\/blackyetiswitzerland.com\/","name":"Black Yeti Switzerland","description":"","potentialAction":[{"@type":"SearchAction","target":{"@type":"EntryPoint","urlTemplate":"https:\/\/blackyetiswitzerland.com\/?s={search_term_string}"},"query-input":{"@type":"PropertyValueSpecification","valueRequired":true,"valueName":"search_term_string"}}],"inLanguage":"de"}]}},"_links":{"self":[{"href":"https:\/\/blackyetiswitzerland.com\/de\/wp-json\/wp\/v2\/pages\/797","targetHints":{"allow":["GET"]}}],"collection":[{"href":"https:\/\/blackyetiswitzerland.com\/de\/wp-json\/wp\/v2\/pages"}],"about":[{"href":"https:\/\/blackyetiswitzerland.com\/de\/wp-json\/wp\/v2\/types\/page"}],"author":[{"embeddable":true,"href":"https:\/\/blackyetiswitzerland.com\/de\/wp-json\/wp\/v2\/users\/1"}],"replies":[{"embeddable":true,"href":"https:\/\/blackyetiswitzerland.com\/de\/wp-json\/wp\/v2\/comments?post=797"}],"version-history":[{"count":37,"href":"https:\/\/blackyetiswitzerland.com\/de\/wp-json\/wp\/v2\/pages\/797\/revisions"}],"predecessor-version":[{"id":1154,"href":"https:\/\/blackyetiswitzerland.com\/de\/wp-json\/wp\/v2\/pages\/797\/revisions\/1154"}],"wp:attachment":[{"href":"https:\/\/blackyetiswitzerland.com\/de\/wp-json\/wp\/v2\/media?parent=797"}],"curies":[{"name":"wp","href":"https:\/\/api.w.org\/{rel}","templated":true}]}}