{"id":1002,"date":"2024-10-14T10:20:57","date_gmt":"2024-10-14T10:20:57","guid":{"rendered":"https:\/\/blackyetiswitzerland.com\/?page_id=1002"},"modified":"2024-10-14T10:30:11","modified_gmt":"2024-10-14T10:30:11","slug":"switzerland-traduc","status":"publish","type":"page","link":"https:\/\/blackyetiswitzerland.com\/es\/switzerland-traduc\/","title":{"rendered":"switzerland traduc"},"content":{"rendered":"<div data-elementor-type=\"wp-page\" data-elementor-id=\"1002\" class=\"elementor elementor-1002\" data-elementor-post-type=\"page\">\n\t\t\t\t<div class=\"elementor-element elementor-element-7555670 e-flex e-con-boxed e-con e-parent\" data-id=\"7555670\" data-element_type=\"container\" data-e-type=\"container\">\n\t\t\t\t\t<div class=\"e-con-inner\">\n\t\t\t\t<div class=\"elementor-element elementor-element-0dd2ff5 elementor-widget elementor-widget-text-editor\" data-id=\"0dd2ff5\" data-element_type=\"widget\" data-e-type=\"widget\" data-widget_type=\"text-editor.default\">\n\t\t\t\t<div class=\"elementor-widget-container\">\n\t\t\t\t\t\t\t\t\t<p>Grupos<\/p>\t\t\t\t\t\t\t\t<\/div>\n\t\t\t\t<\/div>\n\t\t\t\t<div class=\"elementor-element elementor-element-9d7479c elementor-widget elementor-widget-text-editor\" data-id=\"9d7479c\" data-element_type=\"widget\" data-e-type=\"widget\" data-widget_type=\"text-editor.default\">\n\t\t\t\t<div class=\"elementor-widget-container\">\n\t\t\t\t\t\t\t\t\t<p>Empleos<\/p>\t\t\t\t\t\t\t\t<\/div>\n\t\t\t\t<\/div>\n\t\t\t\t<div class=\"elementor-element elementor-element-f568fa2 elementor-widget elementor-widget-text-editor\" data-id=\"f568fa2\" data-element_type=\"widget\" data-e-type=\"widget\" data-widget_type=\"text-editor.default\">\n\t\t\t\t<div class=\"elementor-widget-container\">\n\t\t\t\t\t\t\t\t\t<p>Consulta general<\/p>\t\t\t\t\t\t\t\t<\/div>\n\t\t\t\t<\/div>\n\t\t\t\t<div class=\"elementor-element elementor-element-ed21813 elementor-widget elementor-widget-text-editor\" data-id=\"ed21813\" data-element_type=\"widget\" data-e-type=\"widget\" data-widget_type=\"text-editor.default\">\n\t\t\t\t<div class=\"elementor-widget-container\">\n\t\t\t\t\t\t\t\t\t<p>General<\/p>\t\t\t\t\t\t\t\t<\/div>\n\t\t\t\t<\/div>\n\t\t\t\t<div class=\"elementor-element elementor-element-3474f25 elementor-widget elementor-widget-text-editor\" data-id=\"3474f25\" data-element_type=\"widget\" data-e-type=\"widget\" data-widget_type=\"text-editor.default\">\n\t\t\t\t<div class=\"elementor-widget-container\">\n\t\t\t\t\t\t\t\t\t<p>Informaci\u00f3n<\/p>\t\t\t\t\t\t\t\t<\/div>\n\t\t\t\t<\/div>\n\t\t\t\t<div class=\"elementor-element elementor-element-f11c23d elementor-widget elementor-widget-text-editor\" data-id=\"f11c23d\" data-element_type=\"widget\" data-e-type=\"widget\" data-widget_type=\"text-editor.default\">\n\t\t\t\t<div class=\"elementor-widget-container\">\n\t\t\t\t\t\t\t\t\t<div class=\"elementor-element elementor-element-35dec5e elementor-widget elementor-widget-heading\" data-id=\"35dec5e\" data-element_type=\"widget\" data-widget_type=\"heading.default\"><div class=\"elementor-widget-container\"><p class=\"elementor-heading-title elementor-size-default\">\u00a0<\/p><\/div><\/div><div class=\"elementor-element elementor-element-87df13a elementor-widget elementor-widget-text-editor\" data-id=\"87df13a\" data-element_type=\"widget\" data-widget_type=\"text-editor.default\"><div class=\"elementor-widget-container\"><div id=\"bgLayers_comp-liz4wdi7\" class=\"MW5IWV\" data-hook=\"bgLayers\" data-motion-part=\"BG_LAYER\"><div id=\"bgMedia_comp-liz4wdi7\" class=\"VgO9Yg\" data-motion-part=\"BG_MEDIA\"><div id=\"bgLayers_comp-liz4wdi7\" class=\"MW5IWV\" data-hook=\"bgLayers\" data-motion-part=\"BG_LAYER\"><div id=\"bgMedia_comp-liz4wdi7\" class=\"VgO9Yg\" data-motion-part=\"BG_MEDIA\">D\u00edas interminables de luz, caminatas por valles verdes, el sonido y la frescura de cascadas y r\u00edos, ba\u00f1os en lagos y paseos en barco: as\u00ed es el verano en Suiza.<\/div><\/div><div class=\"\" data-mesh-id=\"comp-liz4wdi7inlineContent\" data-testid=\"inline-content\"><div data-mesh-id=\"comp-liz4wdi7inlineContent-gridContainer\" data-testid=\"mesh-container-content\"><div id=\"comp-liz4wdib\" class=\"HcOXKn c9GqVL QxJLC3 lq2cno comp-liz4wdib wixui-rich-text\" data-testid=\"richTextElement\"><p class=\"font_8 wixui-rich-text__text\">Breathtaking scenic drives and climbs to peaks and glaciers remind you that you\u2019re in one of the most incredible places on earth.<\/p><p class=\"font_8 wixui-rich-text__text\"><span class=\"wixGuard wixui-rich-text__text\">\u200b<\/span>\u00bfQu\u00e9 tal disfrutar de una cena al atardecer en una terraza mientras contemplas el Alpenglow?<\/p><p class=\"font_8 wixui-rich-text__text\">Pero el verano tambi\u00e9n trae d\u00edas de lluvia que nos regalan paisajes m\u00edsticos dignos de una pel\u00edcula, invit\u00e1ndonos a disfrutar de una deliciosa fondue.\u00a0<\/p><p class=\"font_8 wixui-rich-text__text\"><span class=\"wixGuard wixui-rich-text__text\">\u200b<\/span>\u00bfEst\u00e1s listo para disfrutarlo?\u00a0<\/p><p class=\"font_8 wixui-rich-text__text translation-block\">Te ayudamos a crear un itinerario con todas estas experiencias y mucho m\u00e1s. Dejamos el resto a tu imaginaci\u00f3n.<\/p><\/div><\/div><\/div><\/div><\/div><\/div><\/div>\t\t\t\t\t\t\t\t<\/div>\n\t\t\t\t<\/div>\n\t\t\t\t<div class=\"elementor-element elementor-element-609a04c elementor-widget elementor-widget-text-editor\" data-id=\"609a04c\" data-element_type=\"widget\" data-e-type=\"widget\" data-widget_type=\"text-editor.default\">\n\t\t\t\t<div class=\"elementor-widget-container\">\n\t\t\t\t\t\t\t\t\t<div class=\"elementor-element elementor-element-35dec5e elementor-widget elementor-widget-heading\" data-id=\"35dec5e\" data-element_type=\"widget\" data-widget_type=\"heading.default\"><div class=\"elementor-widget-container\"><div id=\"bgLayers_comp-liz4zohg2\" class=\"MW5IWV\" data-hook=\"bgLayers\" data-motion-part=\"BG_LAYER\"><div id=\"bgMedia_comp-liz4zohg2\" class=\"VgO9Yg\" data-motion-part=\"BG_MEDIA\">Sabemos que te encanta viajar tanto como a nosotros.\u00a0<\/div><\/div><div class=\"\" data-mesh-id=\"comp-liz4zohg2inlineContent\" data-testid=\"inline-content\"><div data-mesh-id=\"comp-liz4zohg2inlineContent-gridContainer\" data-testid=\"mesh-container-content\"><div id=\"comp-liz4zohi2\" class=\"HcOXKn c9GqVL QxJLC3 lq2cno comp-liz4zohi2 wixui-rich-text\" data-testid=\"richTextElement\"><p class=\"font_8 wixui-rich-text__text\">\u00bfQuieres ver m\u00e1s de este maravilloso continente?<\/p><p class=\"font_8 wixui-rich-text__text\">Podemos ayudarte con eso.<\/p><p class=\"font_8 wixui-rich-text__text\">Preparamos tu recorrido por Europa con visitas a otros pa\u00edses como Francia, Italia, Austria, Liechtenstein y Alemania, entre otros, incluyendo tu visita a Suiza.\u00a0<\/p><p class=\"font_8 wixui-rich-text__text\"><span class=\"wixGuard wixui-rich-text__text\">\u200b<\/span>\u00bfCu\u00e1les ser\u00edan tus vacaciones so\u00f1adas? S\u00f3lo cu\u00e9ntanoslo y lo pondremos en marcha.<\/p><p class=\"font_8 wixui-rich-text__text\"><span class=\"wixGuard wixui-rich-text__text\">\u200b<\/span>\u00a1Empieza a planear tu viaje ahora!\u00a0<\/p><\/div><\/div><\/div><\/div><\/div>\t\t\t\t\t\t\t\t<\/div>\n\t\t\t\t<\/div>\n\t\t\t\t<div class=\"elementor-element elementor-element-3e789c1 elementor-widget elementor-widget-text-editor\" data-id=\"3e789c1\" data-element_type=\"widget\" data-e-type=\"widget\" data-widget_type=\"text-editor.default\">\n\t\t\t\t<div class=\"elementor-widget-container\">\n\t\t\t\t\t\t\t\t\t<div class=\"elementor-element elementor-element-35dec5e elementor-widget elementor-widget-heading\" data-id=\"35dec5e\" data-element_type=\"widget\" data-widget_type=\"heading.default\"><div class=\"elementor-widget-container\"><div id=\"bgLayers_comp-liz4zohg2\" class=\"MW5IWV\" data-hook=\"bgLayers\" data-motion-part=\"BG_LAYER\"><div id=\"bgMedia_comp-liz4zohg2\" class=\"VgO9Yg\" data-motion-part=\"BG_MEDIA\"><div id=\"bgLayers_comp-liz4zkl7\" class=\"MW5IWV\" data-hook=\"bgLayers\" data-motion-part=\"BG_LAYER\"><div id=\"bgMedia_comp-liz4zkl7\" class=\"VgO9Yg\" data-motion-part=\"BG_MEDIA\">El invierno suizo es un cuento de hadas navide\u00f1o.<\/div><\/div><div class=\"\" data-mesh-id=\"comp-liz4zkl7inlineContent\" data-testid=\"inline-content\"><div data-mesh-id=\"comp-liz4zkl7inlineContent-gridContainer\" data-testid=\"mesh-container-content\"><div id=\"comp-liz4zkl9\" class=\"HcOXKn c9GqVL QxJLC3 lq2cno comp-liz4zkl9 wixui-rich-text\" data-testid=\"richTextElement\"><p class=\"font_8 wixui-rich-text__text\"><span class=\"wixGuard wixui-rich-text__text\">\u200b<\/span>En diciembre, las ciudades se iluminan con luces y acogen maravillosos mercados navide\u00f1os donde puedes oler el Bratwurst y la raclette desde lejos. Cuando cae el sol, calentarse con un Gl\u00fchwein es una opci\u00f3n deliciosa.\u00a0<\/p><p class=\"font_8 wixui-rich-text__text\"><span class=\"wixGuard wixui-rich-text__text\">\u200b<\/span>El resto del invierno, los valles y pueblos alpinos est\u00e1n cubiertos con mantos blancos, y se puede sentir el encanto de las chimeneas crepitantes.<\/p><p class=\"font_8 wixui-rich-text__text\"><span class=\"wixGuard wixui-rich-text__text\">\u200b<\/span>\u00bfAlguna vez has disfrutado de un d\u00eda de esqu\u00ed, trineo o caminatas con raquetas? La mejor manera de terminar un d\u00eda maravilloso en la nieve es con una relajante sesi\u00f3n de spa.<\/p><p class=\"font_8 wixui-rich-text__text\"><span class=\"wixGuard wixui-rich-text__text\">\u200b<\/span>\u00bfQuieres vivir el sue\u00f1o del \"Winter Wonderland\"?<\/p><p class=\"font_8 wixui-rich-text__text\"><span class=\"wixGuard wixui-rich-text__text\">\u200b<\/span>Black Yeti Switzerland te ayuda a planificar tus vacaciones de invierno en detalle, para que solo te centres en disfrutar.<\/p><\/div><\/div><\/div><\/div><\/div><\/div><\/div>\t\t\t\t\t\t\t\t<\/div>\n\t\t\t\t<\/div>\n\t\t\t\t\t<\/div>\n\t\t\t\t<\/div>\n\t\t\t\t<\/div>","protected":false},"excerpt":{"rendered":"<p>Groups Careers General inquiry General inquiry \u00a0 Endless daylight, walks through verdant valleys, the sound and freshness of waterfalls and rivers, lake bathing and boat trips: this is summer in Switzerland. Breathtaking scenic drives and climbs to peaks and glaciers remind you that you\u2019re in one of the most incredible places on earth. \u200bWhat about [&hellip;]<\/p>\n","protected":false},"author":1,"featured_media":0,"parent":0,"menu_order":0,"comment_status":"closed","ping_status":"closed","template":"","meta":{"footnotes":""},"class_list":["post-1002","page","type-page","status-publish","hentry"],"yoast_head":"<!-- This site is optimized with the Yoast SEO plugin v27.5 - https:\/\/yoast.com\/product\/yoast-seo-wordpress\/ -->\n<title>switzerland traduc - Black Yeti Switzerland<\/title>\n<meta name=\"robots\" content=\"index, follow, max-snippet:-1, max-image-preview:large, max-video-preview:-1\" \/>\n<link rel=\"canonical\" href=\"https:\/\/blackyetiswitzerland.com\/es\/switzerland-traduc\/\" \/>\n<meta property=\"og:locale\" content=\"es_ES\" \/>\n<meta property=\"og:type\" content=\"article\" \/>\n<meta property=\"og:title\" content=\"switzerland traduc - Black Yeti Switzerland\" \/>\n<meta property=\"og:description\" content=\"Groups Careers General inquiry General inquiry \u00a0 Endless daylight, walks through verdant valleys, the sound and freshness of waterfalls and rivers, lake bathing and boat trips: this is summer in Switzerland. Breathtaking scenic drives and climbs to peaks and glaciers remind you that you\u2019re in one of the most incredible places on earth. \u200bWhat about [&hellip;]\" \/>\n<meta property=\"og:url\" content=\"https:\/\/blackyetiswitzerland.com\/es\/switzerland-traduc\/\" \/>\n<meta property=\"og:site_name\" content=\"Black Yeti Switzerland\" \/>\n<meta property=\"article:modified_time\" content=\"2024-10-14T10:30:11+00:00\" \/>\n<meta name=\"twitter:card\" content=\"summary_large_image\" \/>\n<meta name=\"twitter:label1\" content=\"Tiempo de lectura\" \/>\n\t<meta name=\"twitter:data1\" content=\"3 minutos\" \/>\n<script type=\"application\/ld+json\" class=\"yoast-schema-graph\">{\"@context\":\"https:\\\/\\\/schema.org\",\"@graph\":[{\"@type\":\"WebPage\",\"@id\":\"https:\\\/\\\/blackyetiswitzerland.com\\\/switzerland-traduc\\\/\",\"url\":\"https:\\\/\\\/blackyetiswitzerland.com\\\/switzerland-traduc\\\/\",\"name\":\"switzerland traduc - Black Yeti Switzerland\",\"isPartOf\":{\"@id\":\"https:\\\/\\\/blackyetiswitzerland.com\\\/#website\"},\"datePublished\":\"2024-10-14T10:20:57+00:00\",\"dateModified\":\"2024-10-14T10:30:11+00:00\",\"breadcrumb\":{\"@id\":\"https:\\\/\\\/blackyetiswitzerland.com\\\/switzerland-traduc\\\/#breadcrumb\"},\"inLanguage\":\"es\",\"potentialAction\":[{\"@type\":\"ReadAction\",\"target\":[\"https:\\\/\\\/blackyetiswitzerland.com\\\/switzerland-traduc\\\/\"]}]},{\"@type\":\"BreadcrumbList\",\"@id\":\"https:\\\/\\\/blackyetiswitzerland.com\\\/switzerland-traduc\\\/#breadcrumb\",\"itemListElement\":[{\"@type\":\"ListItem\",\"position\":1,\"name\":\"Portada\",\"item\":\"https:\\\/\\\/blackyetiswitzerland.com\\\/\"},{\"@type\":\"ListItem\",\"position\":2,\"name\":\"switzerland traduc\"}]},{\"@type\":\"WebSite\",\"@id\":\"https:\\\/\\\/blackyetiswitzerland.com\\\/#website\",\"url\":\"https:\\\/\\\/blackyetiswitzerland.com\\\/\",\"name\":\"Black Yeti Switzerland\",\"description\":\"\",\"potentialAction\":[{\"@type\":\"SearchAction\",\"target\":{\"@type\":\"EntryPoint\",\"urlTemplate\":\"https:\\\/\\\/blackyetiswitzerland.com\\\/?s={search_term_string}\"},\"query-input\":{\"@type\":\"PropertyValueSpecification\",\"valueRequired\":true,\"valueName\":\"search_term_string\"}}],\"inLanguage\":\"es\"}]}<\/script>\n<!-- \/ Yoast SEO plugin. -->","yoast_head_json":{"title":"switzerland traduc - Black Yeti Switzerland","robots":{"index":"index","follow":"follow","max-snippet":"max-snippet:-1","max-image-preview":"max-image-preview:large","max-video-preview":"max-video-preview:-1"},"canonical":"https:\/\/blackyetiswitzerland.com\/es\/switzerland-traduc\/","og_locale":"es_ES","og_type":"article","og_title":"switzerland traduc - Black Yeti Switzerland","og_description":"Groups Careers General inquiry General inquiry \u00a0 Endless daylight, walks through verdant valleys, the sound and freshness of waterfalls and rivers, lake bathing and boat trips: this is summer in Switzerland. Breathtaking scenic drives and climbs to peaks and glaciers remind you that you\u2019re in one of the most incredible places on earth. \u200bWhat about [&hellip;]","og_url":"https:\/\/blackyetiswitzerland.com\/es\/switzerland-traduc\/","og_site_name":"Black Yeti Switzerland","article_modified_time":"2024-10-14T10:30:11+00:00","twitter_card":"summary_large_image","twitter_misc":{"Tiempo de lectura":"3 minutos"},"schema":{"@context":"https:\/\/schema.org","@graph":[{"@type":"WebPage","@id":"https:\/\/blackyetiswitzerland.com\/switzerland-traduc\/","url":"https:\/\/blackyetiswitzerland.com\/switzerland-traduc\/","name":"switzerland traduc - Black Yeti Switzerland","isPartOf":{"@id":"https:\/\/blackyetiswitzerland.com\/#website"},"datePublished":"2024-10-14T10:20:57+00:00","dateModified":"2024-10-14T10:30:11+00:00","breadcrumb":{"@id":"https:\/\/blackyetiswitzerland.com\/switzerland-traduc\/#breadcrumb"},"inLanguage":"es","potentialAction":[{"@type":"ReadAction","target":["https:\/\/blackyetiswitzerland.com\/switzerland-traduc\/"]}]},{"@type":"BreadcrumbList","@id":"https:\/\/blackyetiswitzerland.com\/switzerland-traduc\/#breadcrumb","itemListElement":[{"@type":"ListItem","position":1,"name":"Portada","item":"https:\/\/blackyetiswitzerland.com\/"},{"@type":"ListItem","position":2,"name":"switzerland traduc"}]},{"@type":"WebSite","@id":"https:\/\/blackyetiswitzerland.com\/#website","url":"https:\/\/blackyetiswitzerland.com\/","name":"Black Yeti Switzerland","description":"","potentialAction":[{"@type":"SearchAction","target":{"@type":"EntryPoint","urlTemplate":"https:\/\/blackyetiswitzerland.com\/?s={search_term_string}"},"query-input":{"@type":"PropertyValueSpecification","valueRequired":true,"valueName":"search_term_string"}}],"inLanguage":"es"}]}},"_links":{"self":[{"href":"https:\/\/blackyetiswitzerland.com\/es\/wp-json\/wp\/v2\/pages\/1002","targetHints":{"allow":["GET"]}}],"collection":[{"href":"https:\/\/blackyetiswitzerland.com\/es\/wp-json\/wp\/v2\/pages"}],"about":[{"href":"https:\/\/blackyetiswitzerland.com\/es\/wp-json\/wp\/v2\/types\/page"}],"author":[{"embeddable":true,"href":"https:\/\/blackyetiswitzerland.com\/es\/wp-json\/wp\/v2\/users\/1"}],"replies":[{"embeddable":true,"href":"https:\/\/blackyetiswitzerland.com\/es\/wp-json\/wp\/v2\/comments?post=1002"}],"version-history":[{"count":13,"href":"https:\/\/blackyetiswitzerland.com\/es\/wp-json\/wp\/v2\/pages\/1002\/revisions"}],"predecessor-version":[{"id":1015,"href":"https:\/\/blackyetiswitzerland.com\/es\/wp-json\/wp\/v2\/pages\/1002\/revisions\/1015"}],"wp:attachment":[{"href":"https:\/\/blackyetiswitzerland.com\/es\/wp-json\/wp\/v2\/media?parent=1002"}],"curies":[{"name":"wp","href":"https:\/\/api.w.org\/{rel}","templated":true}]}}