{"id":301,"date":"2024-09-11T11:16:51","date_gmt":"2024-09-11T11:16:51","guid":{"rendered":"https:\/\/blackyetiswitzerland.com\/?page_id=301"},"modified":"2024-10-04T12:09:17","modified_gmt":"2024-10-04T12:09:17","slug":"tour-itineraries","status":"publish","type":"page","link":"https:\/\/blackyetiswitzerland.com\/es\/tour-itineraries\/","title":{"rendered":"Itinerarios tur\u00edsticos"},"content":{"rendered":"<div data-elementor-type=\"wp-page\" data-elementor-id=\"301\" class=\"elementor elementor-301\" data-elementor-post-type=\"page\">\n\t\t\t\t<div class=\"elementor-element elementor-element-3f45750 e-flex e-con-boxed e-con e-parent\" data-id=\"3f45750\" data-element_type=\"container\" data-e-type=\"container\" data-settings=\"{&quot;background_background&quot;:&quot;classic&quot;}\">\n\t\t\t\t\t<div class=\"e-con-inner\">\n\t\t\t\t<div class=\"elementor-element elementor-element-7ec9fe6 animated-slow elementor-invisible elementor-widget elementor-widget-heading\" data-id=\"7ec9fe6\" data-element_type=\"widget\" data-e-type=\"widget\" data-settings=\"{&quot;_animation&quot;:&quot;zoomIn&quot;}\" data-widget_type=\"heading.default\">\n\t\t\t\t<div class=\"elementor-widget-container\">\n\t\t\t\t\t<h1 class=\"elementor-heading-title elementor-size-default\">Itinerarios tur\u00edsticos\n<\/h1>\t\t\t\t<\/div>\n\t\t\t\t<\/div>\n\t\t\t\t\t<\/div>\n\t\t\t\t<\/div>\n\t\t<div class=\"elementor-element elementor-element-0ec2dbd e-flex e-con-boxed e-con e-parent\" data-id=\"0ec2dbd\" data-element_type=\"container\" data-e-type=\"container\">\n\t\t\t\t\t<div class=\"e-con-inner\">\n\t\t<div class=\"elementor-element elementor-element-c6a90d5 e-con-full e-flex e-con e-child\" data-id=\"c6a90d5\" data-element_type=\"container\" data-e-type=\"container\">\n\t\t\t\t<div class=\"elementor-element elementor-element-2ece4a9 animated-slow elementor-invisible elementor-widget elementor-widget-heading\" data-id=\"2ece4a9\" data-element_type=\"widget\" data-e-type=\"widget\" data-settings=\"{&quot;_animation&quot;:&quot;slideInLeft&quot;}\" data-widget_type=\"heading.default\">\n\t\t\t\t<div class=\"elementor-widget-container\">\n\t\t\t\t\t<h2 class=\"elementor-heading-title elementor-size-default translation-block\">Creamos itinerarios a medida<br> seg\u00fan las preferencias de cada cliente<\/h2>\t\t\t\t<\/div>\n\t\t\t\t<\/div>\n\t\t\t\t<div class=\"elementor-element elementor-element-f62b6c7 elementor-widget elementor-widget-text-editor\" data-id=\"f62b6c7\" data-element_type=\"widget\" data-e-type=\"widget\" data-widget_type=\"text-editor.default\">\n\t\t\t\t<div class=\"elementor-widget-container\">\n\t\t\t\t\t\t\t\t\t<p class=\"font_8 wixui-rich-text__text\">Conocemos cada rinc\u00f3n de Suiza de primera mano, lo que nos permite crear rutas \u00fanicas que combinan los sitios m\u00e1s conocidos con lugares que merecen la pena explorar.<\/p><p class=\"font_8 wixui-rich-text__text translation-block\">Sabemos que te gusta visitar lo m\u00e1ximo posible durante tu estancia en Suiza, por lo que nos especializamos en crear un itinerario que te permita optimizar tu tiempo de viaje para que puedas disfrutar de todos los lugares de tu lista de deseos de la forma m\u00e1s eficiente posible.<\/p>\t\t\t\t\t\t\t\t<\/div>\n\t\t\t\t<\/div>\n\t\t\t\t<\/div>\n\t\t<div class=\"elementor-element elementor-element-c6514c1 e-con-full e-flex e-con e-child\" data-id=\"c6514c1\" data-element_type=\"container\" data-e-type=\"container\">\n\t\t\t\t<div class=\"elementor-element elementor-element-478bea4 elementor-widget elementor-widget-image\" data-id=\"478bea4\" data-element_type=\"widget\" data-e-type=\"widget\" data-widget_type=\"image.default\">\n\t\t\t\t<div class=\"elementor-widget-container\">\n\t\t\t\t\t\t\t\t\t\t\t\t\t\t\t<img fetchpriority=\"high\" decoding=\"async\" width=\"800\" height=\"600\" src=\"https:\/\/blackyetiswitzerland.com\/wp-content\/uploads\/2024\/09\/IMG_20240904_152703-1024x768.jpg\" class=\"attachment-large size-large wp-image-547\" alt=\"\" srcset=\"https:\/\/blackyetiswitzerland.com\/wp-content\/uploads\/2024\/09\/IMG_20240904_152703-1024x768.jpg 1024w, https:\/\/blackyetiswitzerland.com\/wp-content\/uploads\/2024\/09\/IMG_20240904_152703-300x225.jpg 300w, https:\/\/blackyetiswitzerland.com\/wp-content\/uploads\/2024\/09\/IMG_20240904_152703-768x576.jpg 768w, https:\/\/blackyetiswitzerland.com\/wp-content\/uploads\/2024\/09\/IMG_20240904_152703-1536x1152.jpg 1536w, https:\/\/blackyetiswitzerland.com\/wp-content\/uploads\/2024\/09\/IMG_20240904_152703-2048x1536.jpg 2048w, https:\/\/blackyetiswitzerland.com\/wp-content\/uploads\/2024\/09\/IMG_20240904_152703-16x12.jpg 16w\" sizes=\"(max-width: 800px) 100vw, 800px\" \/>\t\t\t\t\t\t\t\t\t\t\t\t\t\t\t<\/div>\n\t\t\t\t<\/div>\n\t\t\t\t<\/div>\n\t\t\t\t\t<\/div>\n\t\t\t\t<\/div>\n\t\t\t\t<\/div>","protected":false},"excerpt":{"rendered":"<p>Tour itineraries We create tailor-made itineraries according to the preferences of each client We know every corner of Switzerland first hand which allows us to create unique routes combining the best-known sites with places that are worth exploring. We know that you like to visit as much as possible in your time inSwitzerland, so we [&hellip;]<\/p>\n","protected":false},"author":1,"featured_media":0,"parent":0,"menu_order":0,"comment_status":"closed","ping_status":"closed","template":"elementor_header_footer","meta":{"footnotes":""},"class_list":["post-301","page","type-page","status-publish","hentry"],"yoast_head":"<!-- This site is optimized with the Yoast SEO plugin v27.1.1 - https:\/\/yoast.com\/product\/yoast-seo-wordpress\/ -->\n<title>Tour itineraries - Black Yeti Switzerland<\/title>\n<meta name=\"robots\" content=\"index, follow, max-snippet:-1, max-image-preview:large, max-video-preview:-1\" \/>\n<link rel=\"canonical\" href=\"https:\/\/blackyetiswitzerland.com\/es\/tour-itineraries\/\" \/>\n<meta property=\"og:locale\" content=\"es_ES\" \/>\n<meta property=\"og:type\" content=\"article\" \/>\n<meta property=\"og:title\" content=\"Tour itineraries - Black Yeti Switzerland\" \/>\n<meta property=\"og:description\" content=\"Tour itineraries We create tailor-made itineraries according to the preferences of each client We know every corner of Switzerland first hand which allows us to create unique routes combining the best-known sites with places that are worth exploring. We know that you like to visit as much as possible in your time inSwitzerland, so we [&hellip;]\" \/>\n<meta property=\"og:url\" content=\"https:\/\/blackyetiswitzerland.com\/es\/tour-itineraries\/\" \/>\n<meta property=\"og:site_name\" content=\"Black Yeti Switzerland\" \/>\n<meta property=\"article:modified_time\" content=\"2024-10-04T12:09:17+00:00\" \/>\n<meta property=\"og:image\" content=\"https:\/\/blackyetiswitzerland.com\/wp-content\/uploads\/2024\/09\/IMG_20240904_152703-1024x768.jpg\" \/>\n<meta name=\"twitter:card\" content=\"summary_large_image\" \/>\n<meta name=\"twitter:label1\" content=\"Tiempo de lectura\" \/>\n\t<meta name=\"twitter:data1\" content=\"1 minuto\" \/>\n<script type=\"application\/ld+json\" class=\"yoast-schema-graph\">{\"@context\":\"https:\/\/schema.org\",\"@graph\":[{\"@type\":\"WebPage\",\"@id\":\"https:\/\/blackyetiswitzerland.com\/tour-itineraries\/\",\"url\":\"https:\/\/blackyetiswitzerland.com\/tour-itineraries\/\",\"name\":\"Tour itineraries - Black Yeti Switzerland\",\"isPartOf\":{\"@id\":\"https:\/\/blackyetiswitzerland.com\/#website\"},\"primaryImageOfPage\":{\"@id\":\"https:\/\/blackyetiswitzerland.com\/tour-itineraries\/#primaryimage\"},\"image\":{\"@id\":\"https:\/\/blackyetiswitzerland.com\/tour-itineraries\/#primaryimage\"},\"thumbnailUrl\":\"https:\/\/blackyetiswitzerland.com\/wp-content\/uploads\/2024\/09\/IMG_20240904_152703-1024x768.jpg\",\"datePublished\":\"2024-09-11T11:16:51+00:00\",\"dateModified\":\"2024-10-04T12:09:17+00:00\",\"breadcrumb\":{\"@id\":\"https:\/\/blackyetiswitzerland.com\/tour-itineraries\/#breadcrumb\"},\"inLanguage\":\"es\",\"potentialAction\":[{\"@type\":\"ReadAction\",\"target\":[\"https:\/\/blackyetiswitzerland.com\/tour-itineraries\/\"]}]},{\"@type\":\"ImageObject\",\"inLanguage\":\"es\",\"@id\":\"https:\/\/blackyetiswitzerland.com\/tour-itineraries\/#primaryimage\",\"url\":\"https:\/\/blackyetiswitzerland.com\/wp-content\/uploads\/2024\/09\/IMG_20240904_152703-1024x768.jpg\",\"contentUrl\":\"https:\/\/blackyetiswitzerland.com\/wp-content\/uploads\/2024\/09\/IMG_20240904_152703-1024x768.jpg\"},{\"@type\":\"BreadcrumbList\",\"@id\":\"https:\/\/blackyetiswitzerland.com\/tour-itineraries\/#breadcrumb\",\"itemListElement\":[{\"@type\":\"ListItem\",\"position\":1,\"name\":\"Portada\",\"item\":\"https:\/\/blackyetiswitzerland.com\/\"},{\"@type\":\"ListItem\",\"position\":2,\"name\":\"Tour itineraries\"}]},{\"@type\":\"WebSite\",\"@id\":\"https:\/\/blackyetiswitzerland.com\/#website\",\"url\":\"https:\/\/blackyetiswitzerland.com\/\",\"name\":\"Black Yeti Switzerland\",\"description\":\"\",\"potentialAction\":[{\"@type\":\"SearchAction\",\"target\":{\"@type\":\"EntryPoint\",\"urlTemplate\":\"https:\/\/blackyetiswitzerland.com\/?s={search_term_string}\"},\"query-input\":{\"@type\":\"PropertyValueSpecification\",\"valueRequired\":true,\"valueName\":\"search_term_string\"}}],\"inLanguage\":\"es\"}]}<\/script>\n<!-- \/ Yoast SEO plugin. -->","yoast_head_json":{"title":"Tour itineraries - Black Yeti Switzerland","robots":{"index":"index","follow":"follow","max-snippet":"max-snippet:-1","max-image-preview":"max-image-preview:large","max-video-preview":"max-video-preview:-1"},"canonical":"https:\/\/blackyetiswitzerland.com\/es\/tour-itineraries\/","og_locale":"es_ES","og_type":"article","og_title":"Tour itineraries - Black Yeti Switzerland","og_description":"Tour itineraries We create tailor-made itineraries according to the preferences of each client We know every corner of Switzerland first hand which allows us to create unique routes combining the best-known sites with places that are worth exploring. We know that you like to visit as much as possible in your time inSwitzerland, so we [&hellip;]","og_url":"https:\/\/blackyetiswitzerland.com\/es\/tour-itineraries\/","og_site_name":"Black Yeti Switzerland","article_modified_time":"2024-10-04T12:09:17+00:00","og_image":[{"url":"https:\/\/blackyetiswitzerland.com\/wp-content\/uploads\/2024\/09\/IMG_20240904_152703-1024x768.jpg","type":"","width":"","height":""}],"twitter_card":"summary_large_image","twitter_misc":{"Tiempo de lectura":"1 minuto"},"schema":{"@context":"https:\/\/schema.org","@graph":[{"@type":"WebPage","@id":"https:\/\/blackyetiswitzerland.com\/tour-itineraries\/","url":"https:\/\/blackyetiswitzerland.com\/tour-itineraries\/","name":"Tour itineraries - Black Yeti Switzerland","isPartOf":{"@id":"https:\/\/blackyetiswitzerland.com\/#website"},"primaryImageOfPage":{"@id":"https:\/\/blackyetiswitzerland.com\/tour-itineraries\/#primaryimage"},"image":{"@id":"https:\/\/blackyetiswitzerland.com\/tour-itineraries\/#primaryimage"},"thumbnailUrl":"https:\/\/blackyetiswitzerland.com\/wp-content\/uploads\/2024\/09\/IMG_20240904_152703-1024x768.jpg","datePublished":"2024-09-11T11:16:51+00:00","dateModified":"2024-10-04T12:09:17+00:00","breadcrumb":{"@id":"https:\/\/blackyetiswitzerland.com\/tour-itineraries\/#breadcrumb"},"inLanguage":"es","potentialAction":[{"@type":"ReadAction","target":["https:\/\/blackyetiswitzerland.com\/tour-itineraries\/"]}]},{"@type":"ImageObject","inLanguage":"es","@id":"https:\/\/blackyetiswitzerland.com\/tour-itineraries\/#primaryimage","url":"https:\/\/blackyetiswitzerland.com\/wp-content\/uploads\/2024\/09\/IMG_20240904_152703-1024x768.jpg","contentUrl":"https:\/\/blackyetiswitzerland.com\/wp-content\/uploads\/2024\/09\/IMG_20240904_152703-1024x768.jpg"},{"@type":"BreadcrumbList","@id":"https:\/\/blackyetiswitzerland.com\/tour-itineraries\/#breadcrumb","itemListElement":[{"@type":"ListItem","position":1,"name":"Portada","item":"https:\/\/blackyetiswitzerland.com\/"},{"@type":"ListItem","position":2,"name":"Tour itineraries"}]},{"@type":"WebSite","@id":"https:\/\/blackyetiswitzerland.com\/#website","url":"https:\/\/blackyetiswitzerland.com\/","name":"Black Yeti Switzerland","description":"","potentialAction":[{"@type":"SearchAction","target":{"@type":"EntryPoint","urlTemplate":"https:\/\/blackyetiswitzerland.com\/?s={search_term_string}"},"query-input":{"@type":"PropertyValueSpecification","valueRequired":true,"valueName":"search_term_string"}}],"inLanguage":"es"}]}},"_links":{"self":[{"href":"https:\/\/blackyetiswitzerland.com\/es\/wp-json\/wp\/v2\/pages\/301","targetHints":{"allow":["GET"]}}],"collection":[{"href":"https:\/\/blackyetiswitzerland.com\/es\/wp-json\/wp\/v2\/pages"}],"about":[{"href":"https:\/\/blackyetiswitzerland.com\/es\/wp-json\/wp\/v2\/types\/page"}],"author":[{"embeddable":true,"href":"https:\/\/blackyetiswitzerland.com\/es\/wp-json\/wp\/v2\/users\/1"}],"replies":[{"embeddable":true,"href":"https:\/\/blackyetiswitzerland.com\/es\/wp-json\/wp\/v2\/comments?post=301"}],"version-history":[{"count":43,"href":"https:\/\/blackyetiswitzerland.com\/es\/wp-json\/wp\/v2\/pages\/301\/revisions"}],"predecessor-version":[{"id":761,"href":"https:\/\/blackyetiswitzerland.com\/es\/wp-json\/wp\/v2\/pages\/301\/revisions\/761"}],"wp:attachment":[{"href":"https:\/\/blackyetiswitzerland.com\/es\/wp-json\/wp\/v2\/media?parent=301"}],"curies":[{"name":"wp","href":"https:\/\/api.w.org\/{rel}","templated":true}]}}