{"id":580,"date":"2024-09-15T16:31:46","date_gmt":"2024-09-15T16:31:46","guid":{"rendered":"https:\/\/blackyetiswitzerland.com\/?page_id=580"},"modified":"2024-10-29T12:41:44","modified_gmt":"2024-10-29T12:41:44","slug":"switzerland","status":"publish","type":"page","link":"https:\/\/blackyetiswitzerland.com\/es\/switzerland\/","title":{"rendered":"SUIZA"},"content":{"rendered":"<div data-elementor-type=\"wp-page\" data-elementor-id=\"580\" class=\"elementor elementor-580\" data-elementor-post-type=\"page\">\n\t\t\t\t<div class=\"elementor-element elementor-element-398c56d e-flex e-con-boxed e-con e-parent\" data-id=\"398c56d\" data-element_type=\"container\" data-e-type=\"container\" data-settings=\"{&quot;background_background&quot;:&quot;classic&quot;}\">\n\t\t\t\t\t<div class=\"e-con-inner\">\n\t\t\t\t<div class=\"elementor-element elementor-element-d6f6c16 animated-slow elementor-widget-widescreen__width-initial elementor-invisible elementor-widget elementor-widget-heading\" data-id=\"d6f6c16\" data-element_type=\"widget\" data-e-type=\"widget\" data-settings=\"{&quot;_animation&quot;:&quot;zoomIn&quot;}\" data-widget_type=\"heading.default\">\n\t\t\t\t<div class=\"elementor-widget-container\">\n\t\t\t\t\t<h1 class=\"elementor-heading-title elementor-size-default\">SUIZA<\/h1>\t\t\t\t<\/div>\n\t\t\t\t<\/div>\n\t\t\t\t\t<\/div>\n\t\t\t\t<\/div>\n\t\t<div class=\"elementor-element elementor-element-b4dfe02 services e-flex e-con-boxed e-con e-parent\" data-id=\"b4dfe02\" data-element_type=\"container\" data-e-type=\"container\">\n\t\t\t\t\t<div class=\"e-con-inner\">\n\t\t\t\t<div class=\"elementor-element elementor-element-8331b8f animated-slow elementor-invisible elementor-widget elementor-widget-heading\" data-id=\"8331b8f\" data-element_type=\"widget\" data-e-type=\"widget\" data-settings=\"{&quot;_animation&quot;:&quot;slideInUp&quot;}\" data-widget_type=\"heading.default\">\n\t\t\t\t<div class=\"elementor-widget-container\">\n\t\t\t\t\t<h2 class=\"elementor-heading-title elementor-size-default translation-block\">Creamos el mejor <br>viaje para ti en cualquier \u00e9poca del a\u00f1o<\/h2>\t\t\t\t<\/div>\n\t\t\t\t<\/div>\n\t\t\t\t\t<\/div>\n\t\t\t\t<\/div>\n\t\t<div class=\"elementor-element elementor-element-1b20268 e-flex e-con-boxed e-con e-parent\" data-id=\"1b20268\" data-element_type=\"container\" data-e-type=\"container\">\n\t\t\t\t\t<div class=\"e-con-inner\">\n\t\t<div class=\"elementor-element elementor-element-0666b1a e-con-full e-flex e-con e-child\" data-id=\"0666b1a\" data-element_type=\"container\" data-e-type=\"container\">\n\t\t<div class=\"elementor-element elementor-element-132dcbd e-grid e-con-full e-con e-child\" data-id=\"132dcbd\" data-element_type=\"container\" data-e-type=\"container\">\n\t\t<div class=\"elementor-element elementor-element-81d51f4 e-con-full e-flex e-con e-child\" data-id=\"81d51f4\" data-element_type=\"container\" data-e-type=\"container\">\n\t\t\t\t<div class=\"elementor-element elementor-element-eb19236 elementor-widget elementor-widget-image\" data-id=\"eb19236\" data-element_type=\"widget\" data-e-type=\"widget\" data-widget_type=\"image.default\">\n\t\t\t\t<div class=\"elementor-widget-container\">\n\t\t\t\t\t\t\t\t\t\t\t\t\t\t\t<img fetchpriority=\"high\" decoding=\"async\" width=\"2560\" height=\"1920\" src=\"https:\/\/blackyetiswitzerland.com\/wp-content\/uploads\/2024\/09\/1725655747155-scaled.jpg\" class=\"attachment-full size-full wp-image-562\" alt=\"\" srcset=\"https:\/\/blackyetiswitzerland.com\/wp-content\/uploads\/2024\/09\/1725655747155-scaled.jpg 2560w, https:\/\/blackyetiswitzerland.com\/wp-content\/uploads\/2024\/09\/1725655747155-300x225.jpg 300w, https:\/\/blackyetiswitzerland.com\/wp-content\/uploads\/2024\/09\/1725655747155-1024x768.jpg 1024w, https:\/\/blackyetiswitzerland.com\/wp-content\/uploads\/2024\/09\/1725655747155-768x576.jpg 768w, https:\/\/blackyetiswitzerland.com\/wp-content\/uploads\/2024\/09\/1725655747155-1536x1152.jpg 1536w, https:\/\/blackyetiswitzerland.com\/wp-content\/uploads\/2024\/09\/1725655747155-2048x1536.jpg 2048w, https:\/\/blackyetiswitzerland.com\/wp-content\/uploads\/2024\/09\/1725655747155-16x12.jpg 16w\" sizes=\"(max-width: 2560px) 100vw, 2560px\" \/>\t\t\t\t\t\t\t\t\t\t\t\t\t\t\t<\/div>\n\t\t\t\t<\/div>\n\t\t\t\t<div class=\"elementor-element elementor-element-e437407 elementor-widget elementor-widget-heading\" data-id=\"e437407\" data-element_type=\"widget\" data-e-type=\"widget\" data-widget_type=\"heading.default\">\n\t\t\t\t<div class=\"elementor-widget-container\">\n\t\t\t\t\t<h2 class=\"elementor-heading-title elementor-size-default\">Vacaciones de verano<\/h2>\t\t\t\t<\/div>\n\t\t\t\t<\/div>\n\t\t\t\t<div class=\"elementor-element elementor-element-5de161b elementor-widget elementor-widget-text-editor\" data-id=\"5de161b\" data-element_type=\"widget\" data-e-type=\"widget\" data-widget_type=\"text-editor.default\">\n\t\t\t\t<div class=\"elementor-widget-container\">\n\t\t\t\t\t\t\t\t\t<div id=\"bgLayers_comp-liz4wdi7\" class=\"MW5IWV\" data-hook=\"bgLayers\" data-motion-part=\"BG_LAYER\"><div id=\"bgMedia_comp-liz4wdi7\" class=\"VgO9Yg\" data-motion-part=\"BG_MEDIA\">D\u00edas interminables de luz, caminatas por valles verdes, el sonido y la frescura de cascadas y r\u00edos, ba\u00f1os en lagos y paseos en barco: as\u00ed es el verano en Suiza.<\/div><\/div>\t\t\t\t\t\t\t\t<\/div>\n\t\t\t\t<\/div>\n\t\t\t\t<div class=\"elementor-element elementor-element-b5b91ab elementor-widget elementor-widget-button\" data-id=\"b5b91ab\" data-element_type=\"widget\" data-e-type=\"widget\" data-widget_type=\"button.default\">\n\t\t\t\t<div class=\"elementor-widget-container\">\n\t\t\t\t\t\t\t\t\t<div class=\"elementor-button-wrapper\">\n\t\t\t\t\t<a class=\"elementor-button elementor-button-link elementor-size-sm\" href=\"#elementor-action%3Aaction%3Dpopup%3Aopen%26settings%3DeyJpZCI6IjY0OSIsInRvZ2dsZSI6ZmFsc2V9\">\n\t\t\t\t\t\t<span class=\"elementor-button-content-wrapper\">\n\t\t\t\t\t\t\t\t\t<span class=\"elementor-button-text\">Ver m\u00e1s<\/span>\n\t\t\t\t\t<\/span>\n\t\t\t\t\t<\/a>\n\t\t\t\t<\/div>\n\t\t\t\t\t\t\t\t<\/div>\n\t\t\t\t<\/div>\n\t\t\t\t<\/div>\n\t\t<div class=\"elementor-element elementor-element-26585ce e-con-full e-flex e-con e-child\" data-id=\"26585ce\" data-element_type=\"container\" data-e-type=\"container\">\n\t\t\t\t<div class=\"elementor-element elementor-element-5e40337 elementor-widget elementor-widget-image\" data-id=\"5e40337\" data-element_type=\"widget\" data-e-type=\"widget\" data-widget_type=\"image.default\">\n\t\t\t\t<div class=\"elementor-widget-container\">\n\t\t\t\t\t\t\t\t\t\t\t\t\t\t\t<img decoding=\"async\" width=\"1024\" height=\"1024\" src=\"https:\/\/blackyetiswitzerland.com\/wp-content\/uploads\/2024\/10\/DALL\u00b7E-2024-10-29-13.36.41-A-simple-minimalistic-map-of-Switzerland-with-no-textures-or-extra-details.-The-map-is-labeled-Switzerland-in-English-with-a-single-location-pin-p.webp\" class=\"attachment-full size-full wp-image-1060\" alt=\"\" srcset=\"https:\/\/blackyetiswitzerland.com\/wp-content\/uploads\/2024\/10\/DALL\u00b7E-2024-10-29-13.36.41-A-simple-minimalistic-map-of-Switzerland-with-no-textures-or-extra-details.-The-map-is-labeled-Switzerland-in-English-with-a-single-location-pin-p.webp 1024w, https:\/\/blackyetiswitzerland.com\/wp-content\/uploads\/2024\/10\/DALL\u00b7E-2024-10-29-13.36.41-A-simple-minimalistic-map-of-Switzerland-with-no-textures-or-extra-details.-The-map-is-labeled-Switzerland-in-English-with-a-single-location-pin-p-300x300.webp 300w, https:\/\/blackyetiswitzerland.com\/wp-content\/uploads\/2024\/10\/DALL\u00b7E-2024-10-29-13.36.41-A-simple-minimalistic-map-of-Switzerland-with-no-textures-or-extra-details.-The-map-is-labeled-Switzerland-in-English-with-a-single-location-pin-p-150x150.webp 150w, https:\/\/blackyetiswitzerland.com\/wp-content\/uploads\/2024\/10\/DALL\u00b7E-2024-10-29-13.36.41-A-simple-minimalistic-map-of-Switzerland-with-no-textures-or-extra-details.-The-map-is-labeled-Switzerland-in-English-with-a-single-location-pin-p-768x768.webp 768w, https:\/\/blackyetiswitzerland.com\/wp-content\/uploads\/2024\/10\/DALL\u00b7E-2024-10-29-13.36.41-A-simple-minimalistic-map-of-Switzerland-with-no-textures-or-extra-details.-The-map-is-labeled-Switzerland-in-English-with-a-single-location-pin-p-12x12.webp 12w\" sizes=\"(max-width: 1024px) 100vw, 1024px\" \/>\t\t\t\t\t\t\t\t\t\t\t\t\t\t\t<\/div>\n\t\t\t\t<\/div>\n\t\t\t\t<div class=\"elementor-element elementor-element-f6be73f elementor-widget elementor-widget-heading\" data-id=\"f6be73f\" data-element_type=\"widget\" data-e-type=\"widget\" data-widget_type=\"heading.default\">\n\t\t\t\t<div class=\"elementor-widget-container\">\n\t\t\t\t\t<h2 class=\"elementor-heading-title elementor-size-default\">Viajes de conexi\u00f3n<\/h2>\t\t\t\t<\/div>\n\t\t\t\t<\/div>\n\t\t\t\t<div class=\"elementor-element elementor-element-5173148 elementor-widget elementor-widget-text-editor\" data-id=\"5173148\" data-element_type=\"widget\" data-e-type=\"widget\" data-widget_type=\"text-editor.default\">\n\t\t\t\t<div class=\"elementor-widget-container\">\n\t\t\t\t\t\t\t\t\t<div id=\"bgLayers_comp-liz4wdi7\" class=\"MW5IWV\" data-hook=\"bgLayers\" data-motion-part=\"BG_LAYER\"><div id=\"bgMedia_comp-liz4wdi7\" class=\"VgO9Yg\" data-motion-part=\"BG_MEDIA\"><p class=\"font_8 wixui-rich-text__text\">Preparamos tu recorrido por Europa con visitas a otros pa\u00edses como Francia, Italia, Austria, Liechtenstein y Alemania, incluyendo tu visita a Suiza.\u00a0<\/p><\/div><\/div>\t\t\t\t\t\t\t\t<\/div>\n\t\t\t\t<\/div>\n\t\t\t\t<div class=\"elementor-element elementor-element-394b92e elementor-widget elementor-widget-button\" data-id=\"394b92e\" data-element_type=\"widget\" data-e-type=\"widget\" data-widget_type=\"button.default\">\n\t\t\t\t<div class=\"elementor-widget-container\">\n\t\t\t\t\t\t\t\t\t<div class=\"elementor-button-wrapper\">\n\t\t\t\t\t<a class=\"elementor-button elementor-button-link elementor-size-sm\" href=\"#elementor-action%3Aaction%3Dpopup%3Aopen%26settings%3DeyJpZCI6IjY1NSIsInRvZ2dsZSI6ZmFsc2V9\">\n\t\t\t\t\t\t<span class=\"elementor-button-content-wrapper\">\n\t\t\t\t\t\t\t\t\t<span class=\"elementor-button-text\">Ver m\u00e1s<\/span>\n\t\t\t\t\t<\/span>\n\t\t\t\t\t<\/a>\n\t\t\t\t<\/div>\n\t\t\t\t\t\t\t\t<\/div>\n\t\t\t\t<\/div>\n\t\t\t\t<\/div>\n\t\t\t\t<\/div>\n\t\t\t\t<\/div>\n\t\t<div class=\"elementor-element elementor-element-9595b51 e-con-full e-flex e-con e-child\" data-id=\"9595b51\" data-element_type=\"container\" data-e-type=\"container\">\n\t\t\t\t<div class=\"elementor-element elementor-element-5319154 elementor-widget elementor-widget-image\" data-id=\"5319154\" data-element_type=\"widget\" data-e-type=\"widget\" data-widget_type=\"image.default\">\n\t\t\t\t<div class=\"elementor-widget-container\">\n\t\t\t\t\t\t\t\t\t\t\t\t\t\t\t<img decoding=\"async\" width=\"800\" height=\"1000\" src=\"https:\/\/blackyetiswitzerland.com\/wp-content\/uploads\/2024\/09\/shutterstock_2222609327.jpg\" class=\"attachment-full size-full wp-image-592\" alt=\"\" srcset=\"https:\/\/blackyetiswitzerland.com\/wp-content\/uploads\/2024\/09\/shutterstock_2222609327.jpg 800w, https:\/\/blackyetiswitzerland.com\/wp-content\/uploads\/2024\/09\/shutterstock_2222609327-240x300.jpg 240w, https:\/\/blackyetiswitzerland.com\/wp-content\/uploads\/2024\/09\/shutterstock_2222609327-768x960.jpg 768w, https:\/\/blackyetiswitzerland.com\/wp-content\/uploads\/2024\/09\/shutterstock_2222609327-10x12.jpg 10w\" sizes=\"(max-width: 800px) 100vw, 800px\" \/>\t\t\t\t\t\t\t\t\t\t\t\t\t\t\t<\/div>\n\t\t\t\t<\/div>\n\t\t\t\t<div class=\"elementor-element elementor-element-d06a907 elementor-widget elementor-widget-heading\" data-id=\"d06a907\" data-element_type=\"widget\" data-e-type=\"widget\" data-widget_type=\"heading.default\">\n\t\t\t\t<div class=\"elementor-widget-container\">\n\t\t\t\t\t<h2 class=\"elementor-heading-title elementor-size-default\">Vacaciones de invierno<\/h2>\t\t\t\t<\/div>\n\t\t\t\t<\/div>\n\t\t\t\t<div class=\"elementor-element elementor-element-087ce7f elementor-widget elementor-widget-text-editor\" data-id=\"087ce7f\" data-element_type=\"widget\" data-e-type=\"widget\" data-widget_type=\"text-editor.default\">\n\t\t\t\t<div class=\"elementor-widget-container\">\n\t\t\t\t\t\t\t\t\t<div id=\"bgLayers_comp-liz4wdi7\" class=\"MW5IWV\" data-hook=\"bgLayers\" data-motion-part=\"BG_LAYER\"><div id=\"bgMedia_comp-liz4wdi7\" class=\"VgO9Yg\" data-motion-part=\"BG_MEDIA\"><p class=\"font_8 wixui-rich-text__text\">En diciembre, las ciudades se iluminan con luces y acogen maravillosos mercados navide\u00f1os donde puedes oler el Bratwurst y la raclette desde lejos. Cuando cae el sol, calentarse con un Gl\u00fchwein es una opci\u00f3n deliciosa.\u00a0<\/p><\/div><\/div>\t\t\t\t\t\t\t\t<\/div>\n\t\t\t\t<\/div>\n\t\t\t\t<div class=\"elementor-element elementor-element-958045c elementor-widget elementor-widget-button\" data-id=\"958045c\" data-element_type=\"widget\" data-e-type=\"widget\" data-widget_type=\"button.default\">\n\t\t\t\t<div class=\"elementor-widget-container\">\n\t\t\t\t\t\t\t\t\t<div class=\"elementor-button-wrapper\">\n\t\t\t\t\t<a class=\"elementor-button elementor-button-link elementor-size-sm\" href=\"#elementor-action%3Aaction%3Dpopup%3Aopen%26settings%3DeyJpZCI6IjY2MSIsInRvZ2dsZSI6ZmFsc2V9\">\n\t\t\t\t\t\t<span class=\"elementor-button-content-wrapper\">\n\t\t\t\t\t\t\t\t\t<span class=\"elementor-button-text\">Ver m\u00e1s<\/span>\n\t\t\t\t\t<\/span>\n\t\t\t\t\t<\/a>\n\t\t\t\t<\/div>\n\t\t\t\t\t\t\t\t<\/div>\n\t\t\t\t<\/div>\n\t\t\t\t<\/div>\n\t\t\t\t\t<\/div>\n\t\t\t\t<\/div>\n\t\t\t\t<\/div>","protected":false},"excerpt":{"rendered":"<p>Switzerland We create the best journey for you at any time of the year Summer holidays Endless daylight, walks through verdant valleys, the sound and freshness of waterfalls and rivers, lake bathing and boat trips: this is summer in Switzerland. View more Connecting trips We prepare your European tour with visits to other countries like [&hellip;]<\/p>\n","protected":false},"author":1,"featured_media":0,"parent":0,"menu_order":0,"comment_status":"closed","ping_status":"closed","template":"elementor_header_footer","meta":{"footnotes":""},"class_list":["post-580","page","type-page","status-publish","hentry"],"yoast_head":"<!-- This site is optimized with the Yoast SEO plugin v27.1.1 - https:\/\/yoast.com\/product\/yoast-seo-wordpress\/ -->\n<title>Switzerland - Black Yeti Switzerland<\/title>\n<meta name=\"robots\" content=\"index, follow, max-snippet:-1, max-image-preview:large, max-video-preview:-1\" \/>\n<link rel=\"canonical\" href=\"https:\/\/blackyetiswitzerland.com\/es\/switzerland\/\" \/>\n<meta property=\"og:locale\" content=\"es_ES\" \/>\n<meta property=\"og:type\" content=\"article\" \/>\n<meta property=\"og:title\" content=\"Switzerland - Black Yeti Switzerland\" \/>\n<meta property=\"og:description\" content=\"Switzerland We create the best journey for you at any time of the year Summer holidays Endless daylight, walks through verdant valleys, the sound and freshness of waterfalls and rivers, lake bathing and boat trips: this is summer in Switzerland. View more Connecting trips We prepare your European tour with visits to other countries like [&hellip;]\" \/>\n<meta property=\"og:url\" content=\"https:\/\/blackyetiswitzerland.com\/es\/switzerland\/\" \/>\n<meta property=\"og:site_name\" content=\"Black Yeti Switzerland\" \/>\n<meta property=\"article:modified_time\" content=\"2024-10-29T12:41:44+00:00\" \/>\n<meta property=\"og:image\" content=\"https:\/\/blackyetiswitzerland.com\/wp-content\/uploads\/2024\/09\/1725655747155-scaled.jpg\" \/>\n\t<meta property=\"og:image:width\" content=\"2560\" \/>\n\t<meta property=\"og:image:height\" content=\"1920\" \/>\n\t<meta property=\"og:image:type\" content=\"image\/jpeg\" \/>\n<meta name=\"twitter:card\" content=\"summary_large_image\" \/>\n<meta name=\"twitter:label1\" content=\"Tiempo de lectura\" \/>\n\t<meta name=\"twitter:data1\" content=\"2 minutos\" \/>\n<script type=\"application\/ld+json\" class=\"yoast-schema-graph\">{\"@context\":\"https:\/\/schema.org\",\"@graph\":[{\"@type\":\"WebPage\",\"@id\":\"https:\/\/blackyetiswitzerland.com\/switzerland\/\",\"url\":\"https:\/\/blackyetiswitzerland.com\/switzerland\/\",\"name\":\"Switzerland - Black Yeti Switzerland\",\"isPartOf\":{\"@id\":\"https:\/\/blackyetiswitzerland.com\/#website\"},\"primaryImageOfPage\":{\"@id\":\"https:\/\/blackyetiswitzerland.com\/switzerland\/#primaryimage\"},\"image\":{\"@id\":\"https:\/\/blackyetiswitzerland.com\/switzerland\/#primaryimage\"},\"thumbnailUrl\":\"https:\/\/blackyetiswitzerland.com\/wp-content\/uploads\/2024\/09\/1725655747155-scaled.jpg\",\"datePublished\":\"2024-09-15T16:31:46+00:00\",\"dateModified\":\"2024-10-29T12:41:44+00:00\",\"breadcrumb\":{\"@id\":\"https:\/\/blackyetiswitzerland.com\/switzerland\/#breadcrumb\"},\"inLanguage\":\"es\",\"potentialAction\":[{\"@type\":\"ReadAction\",\"target\":[\"https:\/\/blackyetiswitzerland.com\/switzerland\/\"]}]},{\"@type\":\"ImageObject\",\"inLanguage\":\"es\",\"@id\":\"https:\/\/blackyetiswitzerland.com\/switzerland\/#primaryimage\",\"url\":\"https:\/\/blackyetiswitzerland.com\/wp-content\/uploads\/2024\/09\/1725655747155-scaled.jpg\",\"contentUrl\":\"https:\/\/blackyetiswitzerland.com\/wp-content\/uploads\/2024\/09\/1725655747155-scaled.jpg\"},{\"@type\":\"BreadcrumbList\",\"@id\":\"https:\/\/blackyetiswitzerland.com\/switzerland\/#breadcrumb\",\"itemListElement\":[{\"@type\":\"ListItem\",\"position\":1,\"name\":\"Portada\",\"item\":\"https:\/\/blackyetiswitzerland.com\/\"},{\"@type\":\"ListItem\",\"position\":2,\"name\":\"Switzerland\"}]},{\"@type\":\"WebSite\",\"@id\":\"https:\/\/blackyetiswitzerland.com\/#website\",\"url\":\"https:\/\/blackyetiswitzerland.com\/\",\"name\":\"Black Yeti Switzerland\",\"description\":\"\",\"potentialAction\":[{\"@type\":\"SearchAction\",\"target\":{\"@type\":\"EntryPoint\",\"urlTemplate\":\"https:\/\/blackyetiswitzerland.com\/?s={search_term_string}\"},\"query-input\":{\"@type\":\"PropertyValueSpecification\",\"valueRequired\":true,\"valueName\":\"search_term_string\"}}],\"inLanguage\":\"es\"}]}<\/script>\n<!-- \/ Yoast SEO plugin. -->","yoast_head_json":{"title":"Switzerland - Black Yeti Switzerland","robots":{"index":"index","follow":"follow","max-snippet":"max-snippet:-1","max-image-preview":"max-image-preview:large","max-video-preview":"max-video-preview:-1"},"canonical":"https:\/\/blackyetiswitzerland.com\/es\/switzerland\/","og_locale":"es_ES","og_type":"article","og_title":"Switzerland - Black Yeti Switzerland","og_description":"Switzerland We create the best journey for you at any time of the year Summer holidays Endless daylight, walks through verdant valleys, the sound and freshness of waterfalls and rivers, lake bathing and boat trips: this is summer in Switzerland. View more Connecting trips We prepare your European tour with visits to other countries like [&hellip;]","og_url":"https:\/\/blackyetiswitzerland.com\/es\/switzerland\/","og_site_name":"Black Yeti Switzerland","article_modified_time":"2024-10-29T12:41:44+00:00","og_image":[{"width":2560,"height":1920,"url":"https:\/\/blackyetiswitzerland.com\/wp-content\/uploads\/2024\/09\/1725655747155-scaled.jpg","type":"image\/jpeg"}],"twitter_card":"summary_large_image","twitter_misc":{"Tiempo de lectura":"2 minutos"},"schema":{"@context":"https:\/\/schema.org","@graph":[{"@type":"WebPage","@id":"https:\/\/blackyetiswitzerland.com\/switzerland\/","url":"https:\/\/blackyetiswitzerland.com\/switzerland\/","name":"Switzerland - Black Yeti Switzerland","isPartOf":{"@id":"https:\/\/blackyetiswitzerland.com\/#website"},"primaryImageOfPage":{"@id":"https:\/\/blackyetiswitzerland.com\/switzerland\/#primaryimage"},"image":{"@id":"https:\/\/blackyetiswitzerland.com\/switzerland\/#primaryimage"},"thumbnailUrl":"https:\/\/blackyetiswitzerland.com\/wp-content\/uploads\/2024\/09\/1725655747155-scaled.jpg","datePublished":"2024-09-15T16:31:46+00:00","dateModified":"2024-10-29T12:41:44+00:00","breadcrumb":{"@id":"https:\/\/blackyetiswitzerland.com\/switzerland\/#breadcrumb"},"inLanguage":"es","potentialAction":[{"@type":"ReadAction","target":["https:\/\/blackyetiswitzerland.com\/switzerland\/"]}]},{"@type":"ImageObject","inLanguage":"es","@id":"https:\/\/blackyetiswitzerland.com\/switzerland\/#primaryimage","url":"https:\/\/blackyetiswitzerland.com\/wp-content\/uploads\/2024\/09\/1725655747155-scaled.jpg","contentUrl":"https:\/\/blackyetiswitzerland.com\/wp-content\/uploads\/2024\/09\/1725655747155-scaled.jpg"},{"@type":"BreadcrumbList","@id":"https:\/\/blackyetiswitzerland.com\/switzerland\/#breadcrumb","itemListElement":[{"@type":"ListItem","position":1,"name":"Portada","item":"https:\/\/blackyetiswitzerland.com\/"},{"@type":"ListItem","position":2,"name":"Switzerland"}]},{"@type":"WebSite","@id":"https:\/\/blackyetiswitzerland.com\/#website","url":"https:\/\/blackyetiswitzerland.com\/","name":"Black Yeti Switzerland","description":"","potentialAction":[{"@type":"SearchAction","target":{"@type":"EntryPoint","urlTemplate":"https:\/\/blackyetiswitzerland.com\/?s={search_term_string}"},"query-input":{"@type":"PropertyValueSpecification","valueRequired":true,"valueName":"search_term_string"}}],"inLanguage":"es"}]}},"_links":{"self":[{"href":"https:\/\/blackyetiswitzerland.com\/es\/wp-json\/wp\/v2\/pages\/580","targetHints":{"allow":["GET"]}}],"collection":[{"href":"https:\/\/blackyetiswitzerland.com\/es\/wp-json\/wp\/v2\/pages"}],"about":[{"href":"https:\/\/blackyetiswitzerland.com\/es\/wp-json\/wp\/v2\/types\/page"}],"author":[{"embeddable":true,"href":"https:\/\/blackyetiswitzerland.com\/es\/wp-json\/wp\/v2\/users\/1"}],"replies":[{"embeddable":true,"href":"https:\/\/blackyetiswitzerland.com\/es\/wp-json\/wp\/v2\/comments?post=580"}],"version-history":[{"count":64,"href":"https:\/\/blackyetiswitzerland.com\/es\/wp-json\/wp\/v2\/pages\/580\/revisions"}],"predecessor-version":[{"id":1063,"href":"https:\/\/blackyetiswitzerland.com\/es\/wp-json\/wp\/v2\/pages\/580\/revisions\/1063"}],"wp:attachment":[{"href":"https:\/\/blackyetiswitzerland.com\/es\/wp-json\/wp\/v2\/media?parent=580"}],"curies":[{"name":"wp","href":"https:\/\/api.w.org\/{rel}","templated":true}]}}