{"id":1002,"date":"2024-10-14T10:20:57","date_gmt":"2024-10-14T10:20:57","guid":{"rendered":"https:\/\/blackyetiswitzerland.com\/?page_id=1002"},"modified":"2024-10-14T10:30:11","modified_gmt":"2024-10-14T10:30:11","slug":"switzerland-traduc","status":"publish","type":"page","link":"https:\/\/blackyetiswitzerland.com\/pt\/switzerland-traduc\/","title":{"rendered":"switzerland traduc"},"content":{"rendered":"<div data-elementor-type=\"wp-page\" data-elementor-id=\"1002\" class=\"elementor elementor-1002\" data-elementor-post-type=\"page\">\n\t\t\t\t<div class=\"elementor-element elementor-element-7555670 e-flex e-con-boxed e-con e-parent\" data-id=\"7555670\" data-element_type=\"container\" data-e-type=\"container\">\n\t\t\t\t\t<div class=\"e-con-inner\">\n\t\t\t\t<div class=\"elementor-element elementor-element-0dd2ff5 elementor-widget elementor-widget-text-editor\" data-id=\"0dd2ff5\" data-element_type=\"widget\" data-e-type=\"widget\" data-widget_type=\"text-editor.default\">\n\t\t\t\t<div class=\"elementor-widget-container\">\n\t\t\t\t\t\t\t\t\t<p>Groups<\/p>\t\t\t\t\t\t\t\t<\/div>\n\t\t\t\t<\/div>\n\t\t\t\t<div class=\"elementor-element elementor-element-9d7479c elementor-widget elementor-widget-text-editor\" data-id=\"9d7479c\" data-element_type=\"widget\" data-e-type=\"widget\" data-widget_type=\"text-editor.default\">\n\t\t\t\t<div class=\"elementor-widget-container\">\n\t\t\t\t\t\t\t\t\t<p>Careers<\/p>\t\t\t\t\t\t\t\t<\/div>\n\t\t\t\t<\/div>\n\t\t\t\t<div class=\"elementor-element elementor-element-f568fa2 elementor-widget elementor-widget-text-editor\" data-id=\"f568fa2\" data-element_type=\"widget\" data-e-type=\"widget\" data-widget_type=\"text-editor.default\">\n\t\t\t\t<div class=\"elementor-widget-container\">\n\t\t\t\t\t\t\t\t\t<p>Consulta geral<\/p>\t\t\t\t\t\t\t\t<\/div>\n\t\t\t\t<\/div>\n\t\t\t\t<div class=\"elementor-element elementor-element-ed21813 elementor-widget elementor-widget-text-editor\" data-id=\"ed21813\" data-element_type=\"widget\" data-e-type=\"widget\" data-widget_type=\"text-editor.default\">\n\t\t\t\t<div class=\"elementor-widget-container\">\n\t\t\t\t\t\t\t\t\t<p>General<\/p>\t\t\t\t\t\t\t\t<\/div>\n\t\t\t\t<\/div>\n\t\t\t\t<div class=\"elementor-element elementor-element-3474f25 elementor-widget elementor-widget-text-editor\" data-id=\"3474f25\" data-element_type=\"widget\" data-e-type=\"widget\" data-widget_type=\"text-editor.default\">\n\t\t\t\t<div class=\"elementor-widget-container\">\n\t\t\t\t\t\t\t\t\t<p>inquiry<\/p>\t\t\t\t\t\t\t\t<\/div>\n\t\t\t\t<\/div>\n\t\t\t\t<div class=\"elementor-element elementor-element-f11c23d elementor-widget elementor-widget-text-editor\" data-id=\"f11c23d\" data-element_type=\"widget\" data-e-type=\"widget\" data-widget_type=\"text-editor.default\">\n\t\t\t\t<div class=\"elementor-widget-container\">\n\t\t\t\t\t\t\t\t\t<div class=\"elementor-element elementor-element-35dec5e elementor-widget elementor-widget-heading\" data-id=\"35dec5e\" data-element_type=\"widget\" data-widget_type=\"heading.default\"><div class=\"elementor-widget-container\"><p class=\"elementor-heading-title elementor-size-default\">\u00a0<\/p><\/div><\/div><div class=\"elementor-element elementor-element-87df13a elementor-widget elementor-widget-text-editor\" data-id=\"87df13a\" data-element_type=\"widget\" data-widget_type=\"text-editor.default\"><div class=\"elementor-widget-container\"><div id=\"bgLayers_comp-liz4wdi7\" class=\"MW5IWV\" data-hook=\"bgLayers\" data-motion-part=\"BG_LAYER\"><div id=\"bgMedia_comp-liz4wdi7\" class=\"VgO9Yg\" data-motion-part=\"BG_MEDIA\"><div id=\"bgLayers_comp-liz4wdi7\" class=\"MW5IWV\" data-hook=\"bgLayers\" data-motion-part=\"BG_LAYER\"><div id=\"bgMedia_comp-liz4wdi7\" class=\"VgO9Yg\" data-motion-part=\"BG_MEDIA\">Dias intermin\u00e1veis de luz, caminhadas por vales verdes, o som e a frescura de cachoeiras e rios, banhos em lagos e passeios de barco: este \u00e9 o ver\u00e3o na Su\u00ed\u00e7a.<\/div><\/div><div class=\"\" data-mesh-id=\"comp-liz4wdi7inlineContent\" data-testid=\"inline-content\"><div data-mesh-id=\"comp-liz4wdi7inlineContent-gridContainer\" data-testid=\"mesh-container-content\"><div id=\"comp-liz4wdib\" class=\"HcOXKn c9GqVL QxJLC3 lq2cno comp-liz4wdib wixui-rich-text\" data-testid=\"richTextElement\"><p class=\"font_8 wixui-rich-text__text\">Passeios panor\u00e2micos de cortar a respira\u00e7\u00e3o e subidas a picos e glaciares lembram que est\u00e1 num dos lugares mais incr\u00edveis do planeta.<\/p><p class=\"font_8 wixui-rich-text__text\"><span class=\"wixGuard wixui-rich-text__text\">\u200b<\/span>Que tal desfrutar de um jantar ao p\u00f4r-do-sol numa esplanada a apreciar o Alpenglow?<\/p><p class=\"font_8 wixui-rich-text__text\">Mas o ver\u00e3o s\u00e3o tamb\u00e9m dias de chuva que nos deixam paisagens m\u00edsticas dignas de um filme que convidam a jantar um delicioso fondue.\u00a0<\/p><p class=\"font_8 wixui-rich-text__text\"><span class=\"wixGuard wixui-rich-text__text\">\u200b<\/span>Est\u00e1 pronto para se divertir?\u00a0<\/p><p class=\"font_8 wixui-rich-text__text translation-block\"><span class=\"wixGuard wixui-rich-text__text\">\u200b<\/span>N\u00f3s<span class=\"wixui-rich-text__text\">\u00a0ajudamos a criar um itiner\u00e1rio com todas estas experi\u00eancias e muito mais. Deixamos isso para a sua imagina\u00e7\u00e3o.<\/span><\/p><\/div><\/div><\/div><\/div><\/div><\/div><\/div>\t\t\t\t\t\t\t\t<\/div>\n\t\t\t\t<\/div>\n\t\t\t\t<div class=\"elementor-element elementor-element-609a04c elementor-widget elementor-widget-text-editor\" data-id=\"609a04c\" data-element_type=\"widget\" data-e-type=\"widget\" data-widget_type=\"text-editor.default\">\n\t\t\t\t<div class=\"elementor-widget-container\">\n\t\t\t\t\t\t\t\t\t<div class=\"elementor-element elementor-element-35dec5e elementor-widget elementor-widget-heading\" data-id=\"35dec5e\" data-element_type=\"widget\" data-widget_type=\"heading.default\"><div class=\"elementor-widget-container\"><div id=\"bgLayers_comp-liz4zohg2\" class=\"MW5IWV\" data-hook=\"bgLayers\" data-motion-part=\"BG_LAYER\"><div id=\"bgMedia_comp-liz4zohg2\" class=\"VgO9Yg\" data-motion-part=\"BG_MEDIA\">Sabemos que adora viajar tanto quanto n\u00f3s.\u00a0<\/div><\/div><div class=\"\" data-mesh-id=\"comp-liz4zohg2inlineContent\" data-testid=\"inline-content\"><div data-mesh-id=\"comp-liz4zohg2inlineContent-gridContainer\" data-testid=\"mesh-container-content\"><div id=\"comp-liz4zohi2\" class=\"HcOXKn c9GqVL QxJLC3 lq2cno comp-liz4zohi2 wixui-rich-text\" data-testid=\"richTextElement\"><p class=\"font_8 wixui-rich-text__text\">Quer conhecer mais deste maravilhoso continente?<\/p><p class=\"font_8 wixui-rich-text__text\">N\u00f3s podemos ajud\u00e1-lo com isso.<\/p><p class=\"font_8 wixui-rich-text__text\">Preparamos a sua viagem europeia com visitas a outros pa\u00edses como Fran\u00e7a, It\u00e1lia, Espanha ou Gr\u00e9cia entre outros, incluindo a sua visita \u00e0 Su\u00ed\u00e7a.\u00a0<\/p><p class=\"font_8 wixui-rich-text__text\"><span class=\"wixGuard wixui-rich-text__text\">\u200b<\/span>Quais seriam as f\u00e9rias dos seus sonhos? Basta dizer-nos e n\u00f3s colocaremos isso em a\u00e7\u00e3o.<\/p><p class=\"font_8 wixui-rich-text__text\"><span class=\"wixGuard wixui-rich-text__text\">\u200b<\/span>Comece j\u00e1 a planear a sua viagem!\u00a0<\/p><\/div><\/div><\/div><\/div><\/div>\t\t\t\t\t\t\t\t<\/div>\n\t\t\t\t<\/div>\n\t\t\t\t<div class=\"elementor-element elementor-element-3e789c1 elementor-widget elementor-widget-text-editor\" data-id=\"3e789c1\" data-element_type=\"widget\" data-e-type=\"widget\" data-widget_type=\"text-editor.default\">\n\t\t\t\t<div class=\"elementor-widget-container\">\n\t\t\t\t\t\t\t\t\t<div class=\"elementor-element elementor-element-35dec5e elementor-widget elementor-widget-heading\" data-id=\"35dec5e\" data-element_type=\"widget\" data-widget_type=\"heading.default\"><div class=\"elementor-widget-container\"><div id=\"bgLayers_comp-liz4zohg2\" class=\"MW5IWV\" data-hook=\"bgLayers\" data-motion-part=\"BG_LAYER\"><div id=\"bgMedia_comp-liz4zohg2\" class=\"VgO9Yg\" data-motion-part=\"BG_MEDIA\"><div id=\"bgLayers_comp-liz4zkl7\" class=\"MW5IWV\" data-hook=\"bgLayers\" data-motion-part=\"BG_LAYER\"><div id=\"bgMedia_comp-liz4zkl7\" class=\"VgO9Yg\" data-motion-part=\"BG_MEDIA\">O inverno su\u00ed\u00e7o \u00e9 um conto de fadas do Natal.<\/div><\/div><div class=\"\" data-mesh-id=\"comp-liz4zkl7inlineContent\" data-testid=\"inline-content\"><div data-mesh-id=\"comp-liz4zkl7inlineContent-gridContainer\" data-testid=\"mesh-container-content\"><div id=\"comp-liz4zkl9\" class=\"HcOXKn c9GqVL QxJLC3 lq2cno comp-liz4zkl9 wixui-rich-text\" data-testid=\"richTextElement\"><p class=\"font_8 wixui-rich-text__text\"><span class=\"wixGuard wixui-rich-text__text\">\u200b<\/span>Em dezembro, as cidades est\u00e3o iluminadas e acolhem maravilhosos mercados de Natal, onde se pode sentir o cheiro de Bratwurst e raclette ao longe. Quando o sol se p\u00f5e aquecer com um Gl\u00fchwein \u00e9 uma op\u00e7\u00e3o deliciosa.\u00a0<\/p><p class=\"font_8 wixui-rich-text__text\"><span class=\"wixGuard wixui-rich-text__text\">\u200b<\/span>O resto dos vales e vilas alpinas de inverno est\u00e3o cobertos de mantos brancos e sente-se o encanto das lareiras crepitantes.<\/p><p class=\"font_8 wixui-rich-text__text\"><span class=\"wixGuard wixui-rich-text__text\">\u200b<\/span>J\u00e1 passou algum dia a esquiar, a andar de tren\u00f3 ou a andar com raquetes de neve? A melhor forma de terminar um dia maravilhoso na neve \u00e9 \u200b\u200b\u200b\u200bcom uma relaxante sess\u00e3o de spa.<\/p><p class=\"font_8 wixui-rich-text__text\"><span class=\"wixGuard wixui-rich-text__text\">\u200b<\/span>Quer viver o sonho do Winter Wonderland?<\/p><p class=\"font_8 wixui-rich-text__text\"><span class=\"wixGuard wixui-rich-text__text\">\u200b<\/span>O Black Yeti Switzerland ajuda-o a planear detalhadamente as suas f\u00e9rias de inverno, para que se concentre apenas em aproveit\u00e1-las.<\/p><\/div><\/div><\/div><\/div><\/div><\/div><\/div>\t\t\t\t\t\t\t\t<\/div>\n\t\t\t\t<\/div>\n\t\t\t\t\t<\/div>\n\t\t\t\t<\/div>\n\t\t\t\t<\/div>","protected":false},"excerpt":{"rendered":"<p>Groups Careers General inquiry General inquiry \u00a0 Endless daylight, walks through verdant valleys, the sound and freshness of waterfalls and rivers, lake bathing and boat trips: this is summer in Switzerland. Breathtaking scenic drives and climbs to peaks and glaciers remind you that you\u2019re in one of the most incredible places on earth. \u200bWhat about [&hellip;]<\/p>\n","protected":false},"author":1,"featured_media":0,"parent":0,"menu_order":0,"comment_status":"closed","ping_status":"closed","template":"","meta":{"footnotes":""},"class_list":["post-1002","page","type-page","status-publish","hentry"],"yoast_head":"<!-- This site is optimized with the Yoast SEO plugin v27.5 - https:\/\/yoast.com\/product\/yoast-seo-wordpress\/ -->\n<title>switzerland traduc - Black Yeti Switzerland<\/title>\n<meta name=\"robots\" content=\"index, follow, max-snippet:-1, max-image-preview:large, max-video-preview:-1\" \/>\n<link rel=\"canonical\" href=\"https:\/\/blackyetiswitzerland.com\/pt\/switzerland-traduc\/\" \/>\n<meta property=\"og:locale\" content=\"pt_PT\" \/>\n<meta property=\"og:type\" content=\"article\" \/>\n<meta property=\"og:title\" content=\"switzerland traduc - Black Yeti Switzerland\" \/>\n<meta property=\"og:description\" content=\"Groups Careers General inquiry General inquiry \u00a0 Endless daylight, walks through verdant valleys, the sound and freshness of waterfalls and rivers, lake bathing and boat trips: this is summer in Switzerland. Breathtaking scenic drives and climbs to peaks and glaciers remind you that you\u2019re in one of the most incredible places on earth. \u200bWhat about [&hellip;]\" \/>\n<meta property=\"og:url\" content=\"https:\/\/blackyetiswitzerland.com\/pt\/switzerland-traduc\/\" \/>\n<meta property=\"og:site_name\" content=\"Black Yeti Switzerland\" \/>\n<meta property=\"article:modified_time\" content=\"2024-10-14T10:30:11+00:00\" \/>\n<meta name=\"twitter:card\" content=\"summary_large_image\" \/>\n<meta name=\"twitter:label1\" content=\"Tempo estimado de leitura\" \/>\n\t<meta name=\"twitter:data1\" content=\"3 minutos\" \/>\n<script type=\"application\/ld+json\" class=\"yoast-schema-graph\">{\"@context\":\"https:\\\/\\\/schema.org\",\"@graph\":[{\"@type\":\"WebPage\",\"@id\":\"https:\\\/\\\/blackyetiswitzerland.com\\\/switzerland-traduc\\\/\",\"url\":\"https:\\\/\\\/blackyetiswitzerland.com\\\/switzerland-traduc\\\/\",\"name\":\"switzerland traduc - Black Yeti Switzerland\",\"isPartOf\":{\"@id\":\"https:\\\/\\\/blackyetiswitzerland.com\\\/#website\"},\"datePublished\":\"2024-10-14T10:20:57+00:00\",\"dateModified\":\"2024-10-14T10:30:11+00:00\",\"breadcrumb\":{\"@id\":\"https:\\\/\\\/blackyetiswitzerland.com\\\/switzerland-traduc\\\/#breadcrumb\"},\"inLanguage\":\"pt-PT\",\"potentialAction\":[{\"@type\":\"ReadAction\",\"target\":[\"https:\\\/\\\/blackyetiswitzerland.com\\\/switzerland-traduc\\\/\"]}]},{\"@type\":\"BreadcrumbList\",\"@id\":\"https:\\\/\\\/blackyetiswitzerland.com\\\/switzerland-traduc\\\/#breadcrumb\",\"itemListElement\":[{\"@type\":\"ListItem\",\"position\":1,\"name\":\"Portada\",\"item\":\"https:\\\/\\\/blackyetiswitzerland.com\\\/\"},{\"@type\":\"ListItem\",\"position\":2,\"name\":\"switzerland traduc\"}]},{\"@type\":\"WebSite\",\"@id\":\"https:\\\/\\\/blackyetiswitzerland.com\\\/#website\",\"url\":\"https:\\\/\\\/blackyetiswitzerland.com\\\/\",\"name\":\"Black Yeti Switzerland\",\"description\":\"\",\"potentialAction\":[{\"@type\":\"SearchAction\",\"target\":{\"@type\":\"EntryPoint\",\"urlTemplate\":\"https:\\\/\\\/blackyetiswitzerland.com\\\/?s={search_term_string}\"},\"query-input\":{\"@type\":\"PropertyValueSpecification\",\"valueRequired\":true,\"valueName\":\"search_term_string\"}}],\"inLanguage\":\"pt-PT\"}]}<\/script>\n<!-- \/ Yoast SEO plugin. -->","yoast_head_json":{"title":"switzerland traduc - Black Yeti Switzerland","robots":{"index":"index","follow":"follow","max-snippet":"max-snippet:-1","max-image-preview":"max-image-preview:large","max-video-preview":"max-video-preview:-1"},"canonical":"https:\/\/blackyetiswitzerland.com\/pt\/switzerland-traduc\/","og_locale":"pt_PT","og_type":"article","og_title":"switzerland traduc - Black Yeti Switzerland","og_description":"Groups Careers General inquiry General inquiry \u00a0 Endless daylight, walks through verdant valleys, the sound and freshness of waterfalls and rivers, lake bathing and boat trips: this is summer in Switzerland. Breathtaking scenic drives and climbs to peaks and glaciers remind you that you\u2019re in one of the most incredible places on earth. \u200bWhat about [&hellip;]","og_url":"https:\/\/blackyetiswitzerland.com\/pt\/switzerland-traduc\/","og_site_name":"Black Yeti Switzerland","article_modified_time":"2024-10-14T10:30:11+00:00","twitter_card":"summary_large_image","twitter_misc":{"Tempo estimado de leitura":"3 minutos"},"schema":{"@context":"https:\/\/schema.org","@graph":[{"@type":"WebPage","@id":"https:\/\/blackyetiswitzerland.com\/switzerland-traduc\/","url":"https:\/\/blackyetiswitzerland.com\/switzerland-traduc\/","name":"switzerland traduc - Black Yeti Switzerland","isPartOf":{"@id":"https:\/\/blackyetiswitzerland.com\/#website"},"datePublished":"2024-10-14T10:20:57+00:00","dateModified":"2024-10-14T10:30:11+00:00","breadcrumb":{"@id":"https:\/\/blackyetiswitzerland.com\/switzerland-traduc\/#breadcrumb"},"inLanguage":"pt-PT","potentialAction":[{"@type":"ReadAction","target":["https:\/\/blackyetiswitzerland.com\/switzerland-traduc\/"]}]},{"@type":"BreadcrumbList","@id":"https:\/\/blackyetiswitzerland.com\/switzerland-traduc\/#breadcrumb","itemListElement":[{"@type":"ListItem","position":1,"name":"Portada","item":"https:\/\/blackyetiswitzerland.com\/"},{"@type":"ListItem","position":2,"name":"switzerland traduc"}]},{"@type":"WebSite","@id":"https:\/\/blackyetiswitzerland.com\/#website","url":"https:\/\/blackyetiswitzerland.com\/","name":"Black Yeti Switzerland","description":"","potentialAction":[{"@type":"SearchAction","target":{"@type":"EntryPoint","urlTemplate":"https:\/\/blackyetiswitzerland.com\/?s={search_term_string}"},"query-input":{"@type":"PropertyValueSpecification","valueRequired":true,"valueName":"search_term_string"}}],"inLanguage":"pt-PT"}]}},"_links":{"self":[{"href":"https:\/\/blackyetiswitzerland.com\/pt\/wp-json\/wp\/v2\/pages\/1002","targetHints":{"allow":["GET"]}}],"collection":[{"href":"https:\/\/blackyetiswitzerland.com\/pt\/wp-json\/wp\/v2\/pages"}],"about":[{"href":"https:\/\/blackyetiswitzerland.com\/pt\/wp-json\/wp\/v2\/types\/page"}],"author":[{"embeddable":true,"href":"https:\/\/blackyetiswitzerland.com\/pt\/wp-json\/wp\/v2\/users\/1"}],"replies":[{"embeddable":true,"href":"https:\/\/blackyetiswitzerland.com\/pt\/wp-json\/wp\/v2\/comments?post=1002"}],"version-history":[{"count":13,"href":"https:\/\/blackyetiswitzerland.com\/pt\/wp-json\/wp\/v2\/pages\/1002\/revisions"}],"predecessor-version":[{"id":1015,"href":"https:\/\/blackyetiswitzerland.com\/pt\/wp-json\/wp\/v2\/pages\/1002\/revisions\/1015"}],"wp:attachment":[{"href":"https:\/\/blackyetiswitzerland.com\/pt\/wp-json\/wp\/v2\/media?parent=1002"}],"curies":[{"name":"wp","href":"https:\/\/api.w.org\/{rel}","templated":true}]}}