{"id":318,"date":"2024-09-11T11:27:21","date_gmt":"2024-09-11T11:27:21","guid":{"rendered":"https:\/\/blackyetiswitzerland.com\/?page_id=318"},"modified":"2024-10-07T08:36:24","modified_gmt":"2024-10-07T08:36:24","slug":"lodgement-bookings","status":"publish","type":"page","link":"https:\/\/blackyetiswitzerland.com\/pt\/lodgement-bookings\/","title":{"rendered":"Reservas de hospedagem"},"content":{"rendered":"<div data-elementor-type=\"wp-page\" data-elementor-id=\"318\" class=\"elementor elementor-318\" data-elementor-post-type=\"page\">\n\t\t\t\t<div class=\"elementor-element elementor-element-b6770e5 e-flex e-con-boxed e-con e-parent\" data-id=\"b6770e5\" data-element_type=\"container\" data-e-type=\"container\" data-settings=\"{&quot;background_background&quot;:&quot;classic&quot;}\">\n\t\t\t\t\t<div class=\"e-con-inner\">\n\t\t\t\t<div class=\"elementor-element elementor-element-a0f8f9b animated-slow elementor-widget-mobile__width-initial elementor-invisible elementor-widget elementor-widget-heading\" data-id=\"a0f8f9b\" data-element_type=\"widget\" data-e-type=\"widget\" data-settings=\"{&quot;_animation&quot;:&quot;zoomIn&quot;}\" data-widget_type=\"heading.default\">\n\t\t\t\t<div class=\"elementor-widget-container\">\n\t\t\t\t\t<h1 class=\"elementor-heading-title elementor-size-default\">Reservas de hospedagem\n<\/h1>\t\t\t\t<\/div>\n\t\t\t\t<\/div>\n\t\t\t\t\t<\/div>\n\t\t\t\t<\/div>\n\t\t<div class=\"elementor-element elementor-element-331c821 e-flex e-con-boxed e-con e-parent\" data-id=\"331c821\" data-element_type=\"container\" data-e-type=\"container\">\n\t\t\t\t\t<div class=\"e-con-inner\">\n\t\t<div class=\"elementor-element elementor-element-4eaa059 e-con-full e-flex e-con e-child\" data-id=\"4eaa059\" data-element_type=\"container\" data-e-type=\"container\">\n\t\t\t\t<div class=\"elementor-element elementor-element-df7ff74 animated-slow elementor-invisible elementor-widget elementor-widget-heading\" data-id=\"df7ff74\" data-element_type=\"widget\" data-e-type=\"widget\" data-settings=\"{&quot;_animation&quot;:&quot;slideInLeft&quot;}\" data-widget_type=\"heading.default\">\n\t\t\t\t<div class=\"elementor-widget-container\">\n\t\t\t\t\t<h2 class=\"elementor-heading-title elementor-size-default\">Adoramos reservar os alojamentos mais adequados para cada cliente<\/h2>\t\t\t\t<\/div>\n\t\t\t\t<\/div>\n\t\t\t\t<div class=\"elementor-element elementor-element-f739ecc elementor-widget elementor-widget-text-editor\" data-id=\"f739ecc\" data-element_type=\"widget\" data-e-type=\"widget\" data-widget_type=\"text-editor.default\">\n\t\t\t\t<div class=\"elementor-widget-container\">\n\t\t\t\t\t\t\t\t\t<p class=\"font_8 wixui-rich-text__text\">Adoramos reservar as acomoda\u00e7\u00f5es mais adequadas para cada cliente, dependendo se s\u00e3o grupos, indiv\u00edduos ou fam\u00edlias e do tipo de viagem que desejam realizar.<\/p><p class=\"font_8 wixui-rich-text__text\">Acreditamos que um bom descanso ao final do dia \u00e9 uma parte muito importante da viagem, para que voc\u00ea possa continuar seu passeio no dia seguinte bem descansado.<br \/><br \/>Por isso gostamos de fazer o toque final, trabalhando com acomoda\u00e7\u00f5es que atendem a altos padr\u00f5es de qualidade, limpeza e conforto.<\/p>\t\t\t\t\t\t\t\t<\/div>\n\t\t\t\t<\/div>\n\t\t\t\t<\/div>\n\t\t<div class=\"elementor-element elementor-element-9d078f6 e-con-full e-flex e-con e-child\" data-id=\"9d078f6\" data-element_type=\"container\" data-e-type=\"container\">\n\t\t\t\t<div class=\"elementor-element elementor-element-29f8568 elementor-widget elementor-widget-image\" data-id=\"29f8568\" data-element_type=\"widget\" data-e-type=\"widget\" data-widget_type=\"image.default\">\n\t\t\t\t<div class=\"elementor-widget-container\">\n\t\t\t\t\t\t\t\t\t\t\t\t\t\t\t<img fetchpriority=\"high\" decoding=\"async\" width=\"800\" height=\"600\" src=\"https:\/\/blackyetiswitzerland.com\/wp-content\/uploads\/2024\/09\/IMG_20240822_120059-1024x768.jpg\" class=\"attachment-large size-large wp-image-539\" alt=\"\" srcset=\"https:\/\/blackyetiswitzerland.com\/wp-content\/uploads\/2024\/09\/IMG_20240822_120059-1024x768.jpg 1024w, https:\/\/blackyetiswitzerland.com\/wp-content\/uploads\/2024\/09\/IMG_20240822_120059-300x225.jpg 300w, https:\/\/blackyetiswitzerland.com\/wp-content\/uploads\/2024\/09\/IMG_20240822_120059-768x576.jpg 768w, https:\/\/blackyetiswitzerland.com\/wp-content\/uploads\/2024\/09\/IMG_20240822_120059-1536x1152.jpg 1536w, https:\/\/blackyetiswitzerland.com\/wp-content\/uploads\/2024\/09\/IMG_20240822_120059-2048x1536.jpg 2048w, https:\/\/blackyetiswitzerland.com\/wp-content\/uploads\/2024\/09\/IMG_20240822_120059-16x12.jpg 16w\" sizes=\"(max-width: 800px) 100vw, 800px\" \/>\t\t\t\t\t\t\t\t\t\t\t\t\t\t\t<\/div>\n\t\t\t\t<\/div>\n\t\t\t\t<\/div>\n\t\t\t\t\t<\/div>\n\t\t\t\t<\/div>\n\t\t\t\t<\/div>","protected":false},"excerpt":{"rendered":"<p>Lodgement bookings We love to book the most suitable accommodations for each client Depending on whether they are groups, individuals or families and the type of trip they want to experience. We believe that a good rest at the end of the day is a very important part of the trip so that you can [&hellip;]<\/p>\n","protected":false},"author":1,"featured_media":0,"parent":0,"menu_order":0,"comment_status":"closed","ping_status":"closed","template":"elementor_header_footer","meta":{"footnotes":""},"class_list":["post-318","page","type-page","status-publish","hentry"],"yoast_head":"<!-- This site is optimized with the Yoast SEO plugin v27.1.1 - https:\/\/yoast.com\/product\/yoast-seo-wordpress\/ -->\n<title>Lodgement bookings - Black Yeti Switzerland<\/title>\n<meta name=\"robots\" content=\"index, follow, max-snippet:-1, max-image-preview:large, max-video-preview:-1\" \/>\n<link rel=\"canonical\" href=\"https:\/\/blackyetiswitzerland.com\/pt\/lodgement-bookings\/\" \/>\n<meta property=\"og:locale\" content=\"pt_PT\" \/>\n<meta property=\"og:type\" content=\"article\" \/>\n<meta property=\"og:title\" content=\"Lodgement bookings - Black Yeti Switzerland\" \/>\n<meta property=\"og:description\" content=\"Lodgement bookings We love to book the most suitable accommodations for each client Depending on whether they are groups, individuals or families and the type of trip they want to experience. We believe that a good rest at the end of the day is a very important part of the trip so that you can [&hellip;]\" \/>\n<meta property=\"og:url\" content=\"https:\/\/blackyetiswitzerland.com\/pt\/lodgement-bookings\/\" \/>\n<meta property=\"og:site_name\" content=\"Black Yeti Switzerland\" \/>\n<meta property=\"article:modified_time\" content=\"2024-10-07T08:36:24+00:00\" \/>\n<meta property=\"og:image\" content=\"https:\/\/blackyetiswitzerland.com\/wp-content\/uploads\/2024\/09\/IMG_20240822_120059-1024x768.jpg\" \/>\n<meta name=\"twitter:card\" content=\"summary_large_image\" \/>\n<meta name=\"twitter:label1\" content=\"Tempo estimado de leitura\" \/>\n\t<meta name=\"twitter:data1\" content=\"1 minuto\" \/>\n<script type=\"application\/ld+json\" class=\"yoast-schema-graph\">{\"@context\":\"https:\/\/schema.org\",\"@graph\":[{\"@type\":\"WebPage\",\"@id\":\"https:\/\/blackyetiswitzerland.com\/lodgement-bookings\/\",\"url\":\"https:\/\/blackyetiswitzerland.com\/lodgement-bookings\/\",\"name\":\"Lodgement bookings - Black Yeti Switzerland\",\"isPartOf\":{\"@id\":\"https:\/\/blackyetiswitzerland.com\/#website\"},\"primaryImageOfPage\":{\"@id\":\"https:\/\/blackyetiswitzerland.com\/lodgement-bookings\/#primaryimage\"},\"image\":{\"@id\":\"https:\/\/blackyetiswitzerland.com\/lodgement-bookings\/#primaryimage\"},\"thumbnailUrl\":\"https:\/\/blackyetiswitzerland.com\/wp-content\/uploads\/2024\/09\/IMG_20240822_120059-1024x768.jpg\",\"datePublished\":\"2024-09-11T11:27:21+00:00\",\"dateModified\":\"2024-10-07T08:36:24+00:00\",\"breadcrumb\":{\"@id\":\"https:\/\/blackyetiswitzerland.com\/lodgement-bookings\/#breadcrumb\"},\"inLanguage\":\"pt-PT\",\"potentialAction\":[{\"@type\":\"ReadAction\",\"target\":[\"https:\/\/blackyetiswitzerland.com\/lodgement-bookings\/\"]}]},{\"@type\":\"ImageObject\",\"inLanguage\":\"pt-PT\",\"@id\":\"https:\/\/blackyetiswitzerland.com\/lodgement-bookings\/#primaryimage\",\"url\":\"https:\/\/blackyetiswitzerland.com\/wp-content\/uploads\/2024\/09\/IMG_20240822_120059-1024x768.jpg\",\"contentUrl\":\"https:\/\/blackyetiswitzerland.com\/wp-content\/uploads\/2024\/09\/IMG_20240822_120059-1024x768.jpg\"},{\"@type\":\"BreadcrumbList\",\"@id\":\"https:\/\/blackyetiswitzerland.com\/lodgement-bookings\/#breadcrumb\",\"itemListElement\":[{\"@type\":\"ListItem\",\"position\":1,\"name\":\"Portada\",\"item\":\"https:\/\/blackyetiswitzerland.com\/\"},{\"@type\":\"ListItem\",\"position\":2,\"name\":\"Lodgement bookings\"}]},{\"@type\":\"WebSite\",\"@id\":\"https:\/\/blackyetiswitzerland.com\/#website\",\"url\":\"https:\/\/blackyetiswitzerland.com\/\",\"name\":\"Black Yeti Switzerland\",\"description\":\"\",\"potentialAction\":[{\"@type\":\"SearchAction\",\"target\":{\"@type\":\"EntryPoint\",\"urlTemplate\":\"https:\/\/blackyetiswitzerland.com\/?s={search_term_string}\"},\"query-input\":{\"@type\":\"PropertyValueSpecification\",\"valueRequired\":true,\"valueName\":\"search_term_string\"}}],\"inLanguage\":\"pt-PT\"}]}<\/script>\n<!-- \/ Yoast SEO plugin. -->","yoast_head_json":{"title":"Lodgement bookings - Black Yeti Switzerland","robots":{"index":"index","follow":"follow","max-snippet":"max-snippet:-1","max-image-preview":"max-image-preview:large","max-video-preview":"max-video-preview:-1"},"canonical":"https:\/\/blackyetiswitzerland.com\/pt\/lodgement-bookings\/","og_locale":"pt_PT","og_type":"article","og_title":"Lodgement bookings - Black Yeti Switzerland","og_description":"Lodgement bookings We love to book the most suitable accommodations for each client Depending on whether they are groups, individuals or families and the type of trip they want to experience. We believe that a good rest at the end of the day is a very important part of the trip so that you can [&hellip;]","og_url":"https:\/\/blackyetiswitzerland.com\/pt\/lodgement-bookings\/","og_site_name":"Black Yeti Switzerland","article_modified_time":"2024-10-07T08:36:24+00:00","og_image":[{"url":"https:\/\/blackyetiswitzerland.com\/wp-content\/uploads\/2024\/09\/IMG_20240822_120059-1024x768.jpg","type":"","width":"","height":""}],"twitter_card":"summary_large_image","twitter_misc":{"Tempo estimado de leitura":"1 minuto"},"schema":{"@context":"https:\/\/schema.org","@graph":[{"@type":"WebPage","@id":"https:\/\/blackyetiswitzerland.com\/lodgement-bookings\/","url":"https:\/\/blackyetiswitzerland.com\/lodgement-bookings\/","name":"Lodgement bookings - Black Yeti Switzerland","isPartOf":{"@id":"https:\/\/blackyetiswitzerland.com\/#website"},"primaryImageOfPage":{"@id":"https:\/\/blackyetiswitzerland.com\/lodgement-bookings\/#primaryimage"},"image":{"@id":"https:\/\/blackyetiswitzerland.com\/lodgement-bookings\/#primaryimage"},"thumbnailUrl":"https:\/\/blackyetiswitzerland.com\/wp-content\/uploads\/2024\/09\/IMG_20240822_120059-1024x768.jpg","datePublished":"2024-09-11T11:27:21+00:00","dateModified":"2024-10-07T08:36:24+00:00","breadcrumb":{"@id":"https:\/\/blackyetiswitzerland.com\/lodgement-bookings\/#breadcrumb"},"inLanguage":"pt-PT","potentialAction":[{"@type":"ReadAction","target":["https:\/\/blackyetiswitzerland.com\/lodgement-bookings\/"]}]},{"@type":"ImageObject","inLanguage":"pt-PT","@id":"https:\/\/blackyetiswitzerland.com\/lodgement-bookings\/#primaryimage","url":"https:\/\/blackyetiswitzerland.com\/wp-content\/uploads\/2024\/09\/IMG_20240822_120059-1024x768.jpg","contentUrl":"https:\/\/blackyetiswitzerland.com\/wp-content\/uploads\/2024\/09\/IMG_20240822_120059-1024x768.jpg"},{"@type":"BreadcrumbList","@id":"https:\/\/blackyetiswitzerland.com\/lodgement-bookings\/#breadcrumb","itemListElement":[{"@type":"ListItem","position":1,"name":"Portada","item":"https:\/\/blackyetiswitzerland.com\/"},{"@type":"ListItem","position":2,"name":"Lodgement bookings"}]},{"@type":"WebSite","@id":"https:\/\/blackyetiswitzerland.com\/#website","url":"https:\/\/blackyetiswitzerland.com\/","name":"Black Yeti Switzerland","description":"","potentialAction":[{"@type":"SearchAction","target":{"@type":"EntryPoint","urlTemplate":"https:\/\/blackyetiswitzerland.com\/?s={search_term_string}"},"query-input":{"@type":"PropertyValueSpecification","valueRequired":true,"valueName":"search_term_string"}}],"inLanguage":"pt-PT"}]}},"_links":{"self":[{"href":"https:\/\/blackyetiswitzerland.com\/pt\/wp-json\/wp\/v2\/pages\/318","targetHints":{"allow":["GET"]}}],"collection":[{"href":"https:\/\/blackyetiswitzerland.com\/pt\/wp-json\/wp\/v2\/pages"}],"about":[{"href":"https:\/\/blackyetiswitzerland.com\/pt\/wp-json\/wp\/v2\/types\/page"}],"author":[{"embeddable":true,"href":"https:\/\/blackyetiswitzerland.com\/pt\/wp-json\/wp\/v2\/users\/1"}],"replies":[{"embeddable":true,"href":"https:\/\/blackyetiswitzerland.com\/pt\/wp-json\/wp\/v2\/comments?post=318"}],"version-history":[{"count":52,"href":"https:\/\/blackyetiswitzerland.com\/pt\/wp-json\/wp\/v2\/pages\/318\/revisions"}],"predecessor-version":[{"id":923,"href":"https:\/\/blackyetiswitzerland.com\/pt\/wp-json\/wp\/v2\/pages\/318\/revisions\/923"}],"wp:attachment":[{"href":"https:\/\/blackyetiswitzerland.com\/pt\/wp-json\/wp\/v2\/media?parent=318"}],"curies":[{"name":"wp","href":"https:\/\/api.w.org\/{rel}","templated":true}]}}